{"id":1462,"date":"2021-09-08T22:41:30","date_gmt":"2021-09-08T20:41:30","guid":{"rendered":"http:\/\/b104e3h.myraidbox.de\/?page_id=1462"},"modified":"2025-04-23T12:21:22","modified_gmt":"2025-04-23T10:21:22","slug":"datenschutzhinweis","status":"publish","type":"page","link":"https:\/\/reussprivate.li\/en_en\/datenschutzhinweis\/","title":{"rendered":"Privacy Notice"},"content":{"rendered":"<p><\/p>\n\n\n\n<p class=\"has-text-color has-link-color wp-elements-326495a211508db1de54871def7bb7af\" style=\"color:#001068\">Protecting your personal data is very important to us. Therefore, Reuss Private Access has committed itself to handling your data with the utmost care.<\/p>\n\n\n\n<p class=\"has-text-color has-link-color wp-elements-c57f2ad3e8ad6ab000c73045e09580ef\" style=\"color:#001068\">The following information aims to provide insight into how your data is collected during your visit to our website, how it is stored, and how it is used. Furthermore, it informs you who is responsible for the aforementioned processes and what options you have to influence the handling of your data. The collection of your data is carried out in accordance with the applicable legal provisions of the General Data Protection Regulation (GDPR) and the country-specific data protection laws applicable to us.<\/p>\n\n\n\n<p class=\"has-text-color has-link-color wp-elements-a72e81cc68041973f2af1dc6913f4384\" style=\"color:#001068\">As the data controller, Reuss Private Access has implemented numerous technical and organizational measures to ensure the most comprehensive protection possible for the personal data processed through this website. Nevertheless, internet-based data transmissions may inherently have security vulnerabilities, so absolute protection cannot be guaranteed. For this reason, every data subject is free to provide personal data to us through alternative means, such as by telephone.<\/p>\n\n\n\n<h4 class=\"wp-block-heading has-small-plus-font-size\"><strong>Data Controller<\/strong><\/h4>\n\n\n\n<p class=\"has-text-color has-link-color wp-elements-592b373d192c69177eaa72e747ef7faa\" style=\"color:#001068\">Reuss Private Access AG is the data controller responsible under data protection law for the operation of this website and all mentioned processing activities.<\/p>\n\n\n\n<p class=\"has-text-color has-link-color wp-elements-a2991634ed8bb95b07dd04c6b8310f5c\" style=\"color:#001068\">For all questions and concerns regarding data protection in the EU\/EEA, you may contact:<\/p>\n\n\n\n<p class=\"has-text-color has-link-color wp-elements-2483e5068a944f2890a6077b0294a8d5\" style=\"color:#001068\">Reuss Private Access AG<br>Industriering 3<br>9491 Ruggell<br>Liechtenstein<br><br>Phone:&nbsp;<a href=\"tel:+4232379700\">+423 23 797 00<\/a><br>Website:&nbsp;<a href=\"https:\/\/reussprivate.li\/en_en\/\">www.reussprivate.li<\/a><br>E-Mail:&nbsp;<a href=\"mailto:info@reussprivate.li\">info@reussprivate.li<\/a><\/p>\n\n\n\n<p class=\"has-text-color has-link-color wp-elements-1b8b18e635c776521616ab1c41831513\" style=\"color:#001068\">For all questions and concerns regarding data protection in Switzerland, you may contact:<\/p>\n\n\n\n<p class=\"has-text-color has-link-color wp-elements-2992ffe4740bc952d9765e339ea806d9\" style=\"color:#001068\">Access Office KLG<br>Geeringstrasse 87<br>8049 Z\u00fcrich<br>Schweiz<br><br>E-Mail:\u00a0<a href=\"mailto:info@access-funds.com\">hello@accessoffice.ch<\/a><\/p>\n\n\n\n<h4 class=\"wp-block-heading has-small-plus-font-size\"><strong>Collection of General Data and Information<\/strong><\/h4>\n\n\n\n<p class=\"has-text-color has-link-color wp-elements-23a4c036cd0a3cb1b74bc8ae2a3ca9c1\" style=\"color:#001068\">All types of access to the Reuss Private Access AG website are logged using a standardized procedure. Collected usage data include the visited subpage, the browser used by the user with its version, as well as the operating system, the previously visited website from which the user accessed our site (so-called referrer URL), the IP address and, if applicable, the host name derivable from it, the time and date of access to our website, accessed addresses, the amount of data transferred, and other ongoing processes.\n\nThis procedure serves solely internal security measures and logging for statistical purposes. Your usage data is not linked to data that would allow conclusions about your identity. Usage data is needed to correctly deliver the contents of our website and to ensure its ongoing functionality. Additionally, in the event of an attack, we use this data to identify the originator or provide the information to the relevant security authorities.<\/p>\n\n\n\n<p class=\"has-text-color has-link-color wp-elements-9b628698b4e003e7486e2af865fb8f0e\" style=\"color:#001068\">The legal basis for data processing is Article 6(1)(f) of the GDPR. Our legitimate interest arises from the purposes of data collection stated above.<\/p>\n\n\n\n<p><\/p>\n\n\n\n<h4 class=\"wp-block-heading has-small-plus-font-size\"><strong>Processing of Personal Data<\/strong><\/h4>\n\n\n\n<p class=\"has-text-color has-link-color wp-elements-de89589d0bf98a5809d414cb0b167b42\" style=\"color:#001068\">The term \u201cpersonal data\u201d is defined in the GDPR. It refers to any information relating to an identified or identifiable natural person. An identifiable natural person is one who can be identified, directly or indirectly, in particular by reference to an identifier such as a name, identification number, location data, online identifier, or to one or more factors specific to the physical, physiological, genetic, mental, economic, cultural, or social identity of that natural person.<\/p>\n\n\n\n<p class=\"has-text-color has-link-color wp-elements-47132c95785da70e7f90a0ed83be864a\" style=\"color:#001068\">Your personal data will be collected when you wish to contact us via our website. The personal data transmitted in this way will be used solely for the purpose for which you provide it to us. After the contact has been made, the data will be deleted unless there are statutory retention obligations to the contrary.<\/p>\n\n\n\n<p class=\"has-text-color has-link-color wp-elements-84695bb21c452b24dc93d2cf6c1396c0\" style=\"color:#001068\">The legal basis for processing data for the purpose of contacting us is Article 6(1)(b) GDPR. When you contact us, we assume that you wish to make contact and that this establishes a contractual or pre-contractual relationship.<\/p>\n\n\n\n<h4 class=\"wp-block-heading has-small-plus-font-size\"><strong>Google Fonts<\/strong><\/h4>\n\n\n\n<ul class=\"wp-block-list\">\n<li>To display fonts on the website, we use external fonts in the form of \"Google Fonts,\" a service provided by Google. Through the connection, Google can recognize from which website a request is sent and to which IP address the font display is delivered. When the website is accessed, a connection to Google servers in the USA is established to enable or update the font display.\n\nThe legal basis for this is Article 6(1)(f) GDPR. Here, the legitimate interest lies in protecting web offerings from abusive automated scanning and spam.\n\nFurther information, especially regarding options to prevent data usage, can be found at the following links provided by Google:\n<ul class=\"wp-block-list\">\n<li><a href=\"https:\/\/policies.google.com\/privacy\">https:\/\/policies.google.com\/privacy<\/a><\/li>\n\n\n\n<li><a href=\"https:\/\/adssettings.google.com\/authenticated\">https:\/\/adssettings.google.com\/authenticated<\/a><\/li>\n<\/ul>\n<\/li>\n<\/ul>\n\n\n\n<h4 class=\"wp-block-heading has-small-plus-font-size\"><strong>Google Maps<\/strong><\/h4>\n\n\n\n<p class=\"has-text-color has-link-color wp-elements-ad6017de6130c8b238da2ac0e3ac7fdd\" style=\"color:#001068\">The website [insert website address] uses the Google Maps API to visually display geographic information. When using Google Maps, Google also collects, processes, and utilizes data regarding visitors\u2019 use of the Maps functions. The legal basis for this use by the data controller is&nbsp;<a href=\"http:\/\/dejure.org\/gesetze\/DSGVO\/6.html\" target=\"_blank\" rel=\"noreferrer noopener\">Art. 6 Abs. 1 lit. f DSGVO<\/a>. The legitimate interest of the provider lies in optimizing the functionality of the website.<\/p>\n\n\n\n<p class=\"has-text-color has-link-color wp-elements-0d6008c68d91e07103b778fb573982ad\" style=\"color:#001068\">Further information, especially regarding options to prevent data usage, is provided by Google at the following links:<\/p>\n\n\n\n<ul class=\"wp-block-list\">\n<li><a href=\"https:\/\/policies.google.com\/privacy\" target=\"_blank\" rel=\"noreferrer noopener\">https:\/\/policies.google.com\/privacy<\/a><\/li>\n\n\n\n<li><a href=\"https:\/\/adssettings.google.com\/authenticated\" target=\"_blank\" rel=\"noreferrer noopener\">https:\/\/adssettings.google.com\/authenticated<\/a>&nbsp; &nbsp;&nbsp;<\/li>\n<\/ul>\n\n\n\n<h4 class=\"wp-block-heading has-small-plus-font-size\"><strong>How is the data used and to whom is it disclosed?<\/strong><\/h4>\n\n\n\n<p class=\"has-text-color has-link-color wp-elements-cde0cfa0e54ecfceb27e802d5c2cae5e\" style=\"color:#001068\">The personal data collected on our website are used solely for the purpose for which you provided them to us. Your personal data will not be disclosed to third parties for purposes other than those stated.<br>We only share your personal data with third parties if:<\/p>\n\n\n\n<ul class=\"wp-block-list\">\n<li>You have explicitly consented to this pursuant to Article 6(1)(a) GDPR,<\/li>\n\n\n\n<li>the disclosure is necessary pursuant to Article 6(1)(f) GDPR for the establishment, exercise, or defense of legal claims, and there is no reason to assume that you have an overriding legitimate interest in not disclosing your data,<\/li>\n\n\n\n<li>the disclosure is required by law pursuant to Article 6(1)(c) GDPR, and\nsuch disclosure is legally permissible and<\/li>\n\n\n\n<li>necessary pursuant to Article 6(1)(b) GDPR for the performance of a contract with you.<\/li>\n<\/ul>\n\n\n\n<h4 class=\"wp-block-heading has-small-plus-font-size\"><strong>Matomo Analytics<\/strong><\/h4>\n\n\n\n\n\n<p class=\"has-text-color has-link-color wp-elements-ec0441ccef118dbac6af189934bf5426\" style=\"color:#001068\">Rights of the Data Subject<\/p>\n\n\n\n<p class=\"has-text-color has-link-color wp-elements-c366c3a68be0915af8729af2dbf2e015\" style=\"color:#001068\">As a user of this website, you have various rights under the GDPR regarding the processing of your personal data.<\/p>\n\n\n\n<h4 class=\"wp-block-heading has-small-plus-font-size\"><strong>1. Right of Access<\/strong><\/h4>\n\n\n\n<p class=\"has-text-color has-link-color wp-elements-532a705051a84545ab89613b3d66c4d1\" style=\"color:#001068\">As a user of our website, you have the right to receive, free of charge, confirmation from us as to whether personal data concerning you is being processed. If this is the case, you have the right to obtain the following information:<\/p>\n\n\n\n<ul class=\"wp-block-list\">\n<li>the purposes of the processing;<\/li>\n\n\n\n<li>the categories of personal data being processed;<\/li>\n\n\n\n<li>the recipients or categories of recipients to whom the personal data have been or will be disclosed, particularly recipients in third countries or international organizations;<\/li>\n\n\n\n<li>where possible, the envisaged period for which the personal data will be stored, or, if not possible, the criteria used to determine that period;<\/li>\n\n\n\n<li>the existence of the right to lodge a complaint with a supervisory authority;<\/li>\n\n\n\n<li>if the personal data were not collected from the data subject: any available information as to their source.<\/li>\n<\/ul>\n\n\n\n<p class=\"has-text-color has-link-color wp-elements-6222a70b78a90c9b46b4cc2070c054d2\" style=\"color:#001068\">Automated decision-making, including profiling, pursuant to Article 22(1) and (4) GDPR, based on personal data collected through this website does not take place.<br>Furthermore, the data subject has the right to obtain information about whether personal data have been transferred to a third country or to an international organization. Currently, no personal data collected through this website are transferred to a third country or an international organization. Should this occur in the future, we will inform you accordingly and, if necessary, obtain your consent.<\/p>\n\n\n\n<h4 class=\"wp-block-heading has-small-plus-font-size\"><strong>2. Right to Rectification<\/strong><\/h4>\n\n\n\n<p class=\"has-text-color has-link-color wp-elements-e089939fa122cc270038204aa898d1dc\" style=\"color:#001068\">You have the right to request the immediate rectification of inaccurate personal data concerning you. Furthermore, you have the right to request the completion of incomplete personal data \u2013 including by means of a supplementary statement \u2013 taking into account the purposes of the processing.<\/p>\n\n\n\n<h4 class=\"wp-block-heading has-small-plus-font-size\"><strong>3. Right to Erasure (\u201cRight to be Forgotten\u201d)<\/strong><\/h4>\n\n\n\n<p class=\"has-text-color has-link-color wp-elements-a2abea97503e6954d5bbec75070ee939\" style=\"color:#001068\">As a data subject, you have the right to request the immediate deletion of personal data concerning you, provided that one of the following reasons applies:<\/p>\n\n\n\n<ul class=\"wp-block-list\">\n<li>The personal data are no longer necessary for the purposes for which they were collected.<\/li>\n\n\n\n<li>The personal data have been unlawfully processed.<\/li>\n\n\n\n<li>The controller is legally obligated to delete the personal data.<\/li>\n<\/ul>\n\n\n\n<h4 class=\"wp-block-heading has-small-plus-font-size\"><strong>4. Right to Restriction of Processing<\/strong><\/h4>\n\n\n\n<p class=\"has-text-color has-link-color wp-elements-2ef97590596ce3c0fdf6273b9882e1d0\" style=\"color:#001068\">You have the right to request restriction of processing from us if one of the following conditions applies:<\/p>\n\n\n\n<ul class=\"wp-block-list\">\n<li>The accuracy of the personal data is contested by you. The restriction applies for the duration of the period in which we are able to verify the accuracy.<\/li>\n\n\n\n<li>The processing of the personal data is unlawful, but you do not wish the data to be deleted (see above) but instead request a restriction.<\/li>\n\n\n\n<li>The personal data are no longer required for the purposes of processing, but only for the establishment, exercise, or defense of legal claims.<\/li>\n<\/ul>\n\n\n\n<p class=\"has-text-color has-link-color wp-elements-fe1738391eb8ef0a2bfc49bde9169f0e\" style=\"color:#001068\">If the processing has been restricted, such personal data may only be processed \u2013 aside from their storage \u2013 with the consent of the data subject or for the establishment, exercise, or defense of legal claims, or for the protection of the rights of another natural or legal person, or for reasons of important public interest of the Union or a Member State.<\/p>\n\n\n\n<p class=\"has-text-color has-link-color wp-elements-5c984ce4de3f450a5f93394052b2a121\" style=\"color:#001068\">We are obliged to inform the data subject prior to lifting any restriction.<\/p>\n\n\n\n<h4 class=\"wp-block-heading has-small-plus-font-size\"><strong>5. Right to Data Portability<\/strong><\/h4>\n\n\n\n<p class=\"has-text-color has-link-color wp-elements-82ebc2af3c631a2aef3d56587b5e8b31\" style=\"color:#001068\">You have the right to request that we provide you with the personal data concerning you in a structured, commonly used, and machine-readable format. Furthermore, you have the right to transmit these data to another controller or have them transmitted by us to another controller, insofar as this is technically feasible.<\/p>\n\n\n\n<h4 class=\"wp-block-heading has-small-plus-font-size\"><strong>6. Right to Complain<\/strong><\/h4>\n\n\n\n<p class=\"has-text-color has-link-color wp-elements-c44a74ef6e73ff179af21947261dd09b\" style=\"color:#001068\">You have the right to lodge a complaint with a supervisory authority at any time. Usually, you may contact the supervisory authority of your habitual residence, place of work, or our company\u2019s registered office.<\/p>\n\n\n\n<h4 class=\"wp-block-heading has-small-plus-font-size\"><strong>7. Right of Withdrawal<\/strong><\/h4>\n\n\n\n<p class=\"has-text-color has-link-color wp-elements-9209ecf58db7b5636af5f1de96d7282a\" style=\"color:#001068\">You have the right to withdraw your consent granted to us at any time. This means that we may no longer continue processing data based on that consent going forward. Please note that the right of withdrawal does not affect data processing based on another legal basis.<\/p>\n\n\n\n<h4 class=\"wp-block-heading has-small-plus-font-size\"><strong>8. Right to Object<\/strong><\/h4>\n\n\n\n<p class=\"has-text-color has-link-color wp-elements-0895cd03fe057712c6745620fbd444b9\" style=\"color:#001068\">If your personal data is processed based on legitimate interests pursuant to Article 6(1)(f) GDPR, you have the right to object to the processing of your personal data, insofar as there are grounds relating to your particular situation or if the objection relates to direct marketing. In the latter case, you have a general right to object, which we will implement without the need to specify any particular situation.<\/p>\n\n\n\n<h4 class=\"wp-block-heading has-small-plus-font-size\"><strong>Data Security<\/strong><\/h4>\n\n\n\n<p class=\"has-text-color has-link-color wp-elements-2f8287891c48a82643809a0084a9819e\" style=\"color:#001068\">We have implemented extensive technical and operational security measures to protect your data from accidental or intentional manipulation, loss, destruction, or unauthorized access. Our security procedures are regularly reviewed and adapted to technological advances.<\/p>\n\n\n\n<h4 class=\"wp-block-heading has-small-plus-font-size\"><strong>Update of the Privacy Policy<\/strong><\/h4>\n\n\n\n<p class=\"has-text-color has-link-color wp-elements-6ff50908d688e0cd6ca5aa1afb9be2a2\" style=\"color:#001068\">We reserve the right to update this privacy policy at any time in compliance with applicable data protection regulations.<\/p>\n\n\n\n<p class=\"has-text-color has-link-color wp-elements-747d3cee622f7ad124495bc954f166cb\" style=\"color:#001068\">The current version of this statement is dated 1 May 2019.\n<br>\n<br>\n\nDisclaimer:\nThis English version is a non-binding translation of the original German text. It is provided for convenience only. In the event of any discrepancies or legal interpretation, only the German version shall be legally binding and authoritative.<\/p>","protected":false},"excerpt":{"rendered":"<p>Der Schutz Ihrer pers\u00f6nlichen Daten ist uns sehr wichtig. Daher hat es sich Reuss Private Access zur Aufgabe gemacht, Ihre Daten mit der gr\u00f6sstm\u00f6glichen Sorgfalt zu behandeln. Die folgenden Ausf\u00fchrungen sollen Auskunft geben, wie Ihre Daten w\u00e4hrend Ihres Besuchs auf unserer Internetpr\u00e4senz erhoben, in welcher Weise sie gespeichert und wie sie verwendet werden. Ferner soll [&hellip;]<\/p>\n","protected":false},"author":13,"featured_media":0,"parent":0,"menu_order":30,"comment_status":"closed","ping_status":"closed","template":"","meta":{"_acf_changed":false,"footnotes":""},"class_list":["post-1462","page","type-page","status-publish","hentry"],"acf":[],"yoast_head":"<!-- This site is optimized with the Yoast SEO plugin v26.7 - https:\/\/yoast.com\/wordpress\/plugins\/seo\/ -->\n<title>Datenschutzhinweis - Reuss Private Access AG<\/title>\n<meta name=\"description\" content=\"Der Schutz Ihrer pers\u00f6nlichen Daten ist uns enorm wichtig - erfahren Sie hier, wie wir den Datenschutz auf unserer Seite umgesetzt haben\" \/>\n<meta name=\"robots\" content=\"index, follow, max-snippet:-1, max-image-preview:large, max-video-preview:-1\" \/>\n<link rel=\"canonical\" href=\"https:\/\/reussprivate.li\/en_en\/datenschutzhinweis\/\" \/>\n<meta property=\"og:locale\" content=\"en_GB\" \/>\n<meta property=\"og:type\" content=\"article\" \/>\n<meta property=\"og:title\" content=\"Datenschutzhinweis - Reuss Private Access AG\" \/>\n<meta property=\"og:description\" content=\"Der Schutz Ihrer pers\u00f6nlichen Daten ist uns enorm wichtig - erfahren Sie hier, wie wir den Datenschutz auf unserer Seite umgesetzt haben\" \/>\n<meta property=\"og:url\" content=\"https:\/\/reussprivate.li\/en_en\/datenschutzhinweis\/\" \/>\n<meta property=\"og:site_name\" content=\"Reuss Private Access AG\" \/>\n<meta property=\"article:modified_time\" content=\"2025-04-23T10:21:22+00:00\" \/>\n<meta property=\"og:image\" content=\"https:\/\/reussprivate.li\/wp-content\/uploads\/2022\/05\/og-rpaccess.png\" \/>\n\t<meta property=\"og:image:width\" content=\"1280\" \/>\n\t<meta property=\"og:image:height\" content=\"720\" \/>\n\t<meta property=\"og:image:type\" content=\"image\/png\" \/>\n<meta name=\"twitter:card\" content=\"summary_large_image\" \/>\n<meta name=\"twitter:label1\" content=\"Estimated reading time\" \/>\n\t<meta name=\"twitter:data1\" content=\"10 minutes\" \/>\n<script type=\"application\/ld+json\" class=\"yoast-schema-graph\">{\"@context\":\"https:\/\/schema.org\",\"@graph\":[{\"@type\":\"WebPage\",\"@id\":\"https:\/\/reussprivate.li\/datenschutzhinweis\/\",\"url\":\"https:\/\/reussprivate.li\/datenschutzhinweis\/\",\"name\":\"Datenschutzhinweis - Reuss Private Access AG\",\"isPartOf\":{\"@id\":\"https:\/\/reussprivate.li\/#website\"},\"datePublished\":\"2021-09-08T20:41:30+00:00\",\"dateModified\":\"2025-04-23T10:21:22+00:00\",\"description\":\"Der Schutz Ihrer pers\u00f6nlichen Daten ist uns enorm wichtig - erfahren Sie hier, wie wir den Datenschutz auf unserer Seite umgesetzt haben\",\"breadcrumb\":{\"@id\":\"https:\/\/reussprivate.li\/datenschutzhinweis\/#breadcrumb\"},\"inLanguage\":\"en-GB\",\"potentialAction\":[{\"@type\":\"ReadAction\",\"target\":[\"https:\/\/reussprivate.li\/datenschutzhinweis\/\"]}]},{\"@type\":\"BreadcrumbList\",\"@id\":\"https:\/\/reussprivate.li\/datenschutzhinweis\/#breadcrumb\",\"itemListElement\":[{\"@type\":\"ListItem\",\"position\":1,\"name\":\"Home\",\"item\":\"https:\/\/reussprivate.li\/\"},{\"@type\":\"ListItem\",\"position\":2,\"name\":\"Datenschutzhinweis\"}]},{\"@type\":\"WebSite\",\"@id\":\"https:\/\/reussprivate.li\/#website\",\"url\":\"https:\/\/reussprivate.li\/\",\"name\":\"Reuss Private Access AG\",\"description\":\"Grenzenlos.Individuell.ReussPrivateAccess\",\"potentialAction\":[{\"@type\":\"SearchAction\",\"target\":{\"@type\":\"EntryPoint\",\"urlTemplate\":\"https:\/\/reussprivate.li\/?s={search_term_string}\"},\"query-input\":{\"@type\":\"PropertyValueSpecification\",\"valueRequired\":true,\"valueName\":\"search_term_string\"}}],\"inLanguage\":\"en-GB\"}]}<\/script>\n<!-- \/ Yoast SEO plugin. -->","yoast_head_json":{"title":"Datenschutzhinweis - Reuss Private Access AG","description":"Der Schutz Ihrer pers\u00f6nlichen Daten ist uns enorm wichtig - erfahren Sie hier, wie wir den Datenschutz auf unserer Seite umgesetzt haben","robots":{"index":"index","follow":"follow","max-snippet":"max-snippet:-1","max-image-preview":"max-image-preview:large","max-video-preview":"max-video-preview:-1"},"canonical":"https:\/\/reussprivate.li\/en_en\/datenschutzhinweis\/","og_locale":"en_GB","og_type":"article","og_title":"Datenschutzhinweis - Reuss Private Access AG","og_description":"Der Schutz Ihrer pers\u00f6nlichen Daten ist uns enorm wichtig - erfahren Sie hier, wie wir den Datenschutz auf unserer Seite umgesetzt haben","og_url":"https:\/\/reussprivate.li\/en_en\/datenschutzhinweis\/","og_site_name":"Reuss Private Access AG","article_modified_time":"2025-04-23T10:21:22+00:00","og_image":[{"width":1280,"height":720,"url":"https:\/\/reussprivate.li\/wp-content\/uploads\/2022\/05\/og-rpaccess.png","type":"image\/png"}],"twitter_card":"summary_large_image","twitter_misc":{"Estimated reading time":"10 minutes"},"schema":{"@context":"https:\/\/schema.org","@graph":[{"@type":"WebPage","@id":"https:\/\/reussprivate.li\/datenschutzhinweis\/","url":"https:\/\/reussprivate.li\/datenschutzhinweis\/","name":"Datenschutzhinweis - Reuss Private Access AG","isPartOf":{"@id":"https:\/\/reussprivate.li\/#website"},"datePublished":"2021-09-08T20:41:30+00:00","dateModified":"2025-04-23T10:21:22+00:00","description":"Der Schutz Ihrer pers\u00f6nlichen Daten ist uns enorm wichtig - erfahren Sie hier, wie wir den Datenschutz auf unserer Seite umgesetzt haben","breadcrumb":{"@id":"https:\/\/reussprivate.li\/datenschutzhinweis\/#breadcrumb"},"inLanguage":"en-GB","potentialAction":[{"@type":"ReadAction","target":["https:\/\/reussprivate.li\/datenschutzhinweis\/"]}]},{"@type":"BreadcrumbList","@id":"https:\/\/reussprivate.li\/datenschutzhinweis\/#breadcrumb","itemListElement":[{"@type":"ListItem","position":1,"name":"Home","item":"https:\/\/reussprivate.li\/"},{"@type":"ListItem","position":2,"name":"Datenschutzhinweis"}]},{"@type":"WebSite","@id":"https:\/\/reussprivate.li\/#website","url":"https:\/\/reussprivate.li\/","name":"Reuss Private Access AG","description":"Grenzenlos.Individuell.ReussPrivateAccess","potentialAction":[{"@type":"SearchAction","target":{"@type":"EntryPoint","urlTemplate":"https:\/\/reussprivate.li\/?s={search_term_string}"},"query-input":{"@type":"PropertyValueSpecification","valueRequired":true,"valueName":"search_term_string"}}],"inLanguage":"en-GB"}]}},"distributor_meta":false,"distributor_terms":false,"distributor_media":false,"distributor_original_site_name":"Reuss Private Access AG","distributor_original_site_url":"https:\/\/reussprivate.li\/en_en","push-errors":false,"_links":{"self":[{"href":"https:\/\/reussprivate.li\/en_en\/wp-json\/wp\/v2\/pages\/1462","targetHints":{"allow":["GET"]}}],"collection":[{"href":"https:\/\/reussprivate.li\/en_en\/wp-json\/wp\/v2\/pages"}],"about":[{"href":"https:\/\/reussprivate.li\/en_en\/wp-json\/wp\/v2\/types\/page"}],"author":[{"embeddable":true,"href":"https:\/\/reussprivate.li\/en_en\/wp-json\/wp\/v2\/users\/13"}],"replies":[{"embeddable":true,"href":"https:\/\/reussprivate.li\/en_en\/wp-json\/wp\/v2\/comments?post=1462"}],"version-history":[{"count":24,"href":"https:\/\/reussprivate.li\/en_en\/wp-json\/wp\/v2\/pages\/1462\/revisions"}],"predecessor-version":[{"id":3899,"href":"https:\/\/reussprivate.li\/en_en\/wp-json\/wp\/v2\/pages\/1462\/revisions\/3899"}],"wp:attachment":[{"href":"https:\/\/reussprivate.li\/en_en\/wp-json\/wp\/v2\/media?parent=1462"}],"curies":[{"name":"wp","href":"https:\/\/api.w.org\/{rel}","templated":true}]}}