{"id":3091,"date":"2024-02-01T20:02:08","date_gmt":"2024-02-01T19:02:08","guid":{"rendered":"https:\/\/reussprivate.li\/?page_id=3091"},"modified":"2025-05-28T15:04:54","modified_gmt":"2025-05-28T13:04:54","slug":"impressum-2","status":"publish","type":"page","link":"https:\/\/reussprivate.li\/en_en\/impressum-2\/","title":{"rendered":"Imprint"},"content":{"rendered":"<h3 class=\"wp-block-heading\">Reuss Private Access AG<\/h3>\n\n\n\n<p class=\"has-text-color has-link-color wp-elements-7659b13945309680075a245d0596b30a\" style=\"color:#011068\">Industriering 3<br>9491 Ruggell<br>Liechtenstein<\/p>\n\n\n\n<p class=\"has-text-color has-link-color wp-elements-8412071b8ee4e4d6a2f97645d0d1fbf8\" style=\"color:#011068\">Phone: <a href=\"tel:+423 23 979 00\">+423 23 979 00<\/a><\/p>\n\n\n\n<p class=\"has-text-color has-link-color wp-elements-13283e534f6dd11d17a938be33d0a4cd\" style=\"color:#011068\">E-Mail: <a href=\"mailto:info@reussprivate.li\">info@reussprivate.li<\/a><br><a href=\"http:\/\/www.reussprivate-analytics.de\/\"><\/a><a href=\"https:\/\/reussprivate.li\/en_en\/\">www.reussprivate.li<\/a><\/p>\n\n\n\n<p class=\"has-text-color has-link-color wp-elements-fa4809926b61c1f9b8cc976c0b3a9b51\" style=\"color:#011068\"><strong>Managing Partners:<\/strong><br>Viktor Fischer<br>Pino Thormann<\/p>\n\n\n\n<p class=\"has-text-color has-link-color wp-elements-4718f82bd598226997b3e7ae4061c619\" style=\"color:#011068\"><strong>Chairperson of the Board:<\/strong><br>Roman Neff<\/p>\n\n\n\n<p class=\"has-text-color has-link-color wp-elements-f8cc8ddbc3b28ac3f8f582f444ddd5a5\" style=\"color:#011068\">Registered Office and Company Number: Vaduz \u2013 FL-0002.303.446-9<br>LEI: 391200BIEG3Z3VHEJZ37<\/p>\n\n\n\n<p class=\"has-text-color has-link-color wp-elements-dd597765e651d4f27ea098103d90c1a2\" style=\"color:#011068\">VAT No.: 57139<\/p>\n\n\n\n<p class=\"has-text-color has-link-color wp-elements-1a71b7668364562854ccf9014f3b34e1\" style=\"color:#011068\">Responsible Supervisory Authority: Financial Market Authority Liechtenstein (https:\/\/www.fma-li.li)<br>FMA Registration Number: 334473<br>Date of Registration: 31 January 2024<br>Category: Asset Management Company<br>Reuss Private Access AG is a participant in the investor compensation scheme of the Deposit Guarantee and Investor Compensation Foundation SV (https:\/\/www.eas-liechtenstein.li)<\/p>\n\n\n\n<p class=\"has-text-color has-link-color wp-elements-ffee434cd6db9e97a33123f5693c8088\" style=\"color:#011068\">Persons Responsible for the Content of this Website: Viktor Fischer and Pino Thormann<\/p>\n\n\n\n<p class=\"has-text-color has-link-color wp-elements-f2e72ec75ea80233fd1a4def3d58803f\" style=\"color:#011068\">Letzte Aktualisierung am 23.04.2025<\/p>\n\n\n\n<h3 class=\"wp-block-heading\">Legal Disclaimer<\/h3>\n\n\n\n<p class=\"has-text-color has-link-color wp-elements-13dd85082529d8f19480e76af7bd8db8\" style=\"color:#011068\"><strong>Liability for Content<\/strong><br>The operator assumes no responsibility for the topicality, accuracy, completeness, or quality of the information provided. Liability claims against the operator for material or immaterial damages resulting from the use or non-use of the information presented, or from the use of incorrect or incomplete information, are generally excluded unless there is proven intent or gross negligence on the part of the operator.\n\nAll offers are non-binding and without obligation. The operator expressly reserves the right to modify, supplement, delete, or temporarily or permanently cease publication of parts of the pages or the entire offer without prior notice.<br><\/p>\n\n\n\n<p class=\"has-text-color has-link-color wp-elements-5bc8f687fbf285f9a18d3ec632f6811e\" style=\"color:#011068\"><strong>Links to Third-Party Websites<\/strong><br>In the case of direct or indirect references to external websites (\"links\") that lie outside the operator\u2019s area of responsibility, liability would only arise if the operator had knowledge of the content and if it were technically possible and reasonable for the operator to prevent the use of such illegal content.\n\nThe operator therefore expressly declares that at the time the links were created, the linked pages were free of illegal content. The operator has no influence whatsoever on the current and future design or content of the linked\/referenced pages. For this reason, the operator hereby expressly distances themselves from all content on any linked\/referenced pages that has been changed after the link was created.\n\nThis statement applies to all links and references placed within the operator\u2019s own website, as well as to third-party entries in guestbooks, discussion forums, and mailing lists set up by the operator. The provider of the page to which the link leads is solely liable for illegal, incorrect, or incomplete content \u2013 not the party who merely refers to the publication via links.<\/p>\n\n\n\n<p class=\"has-text-color has-link-color wp-elements-82bce6451d253fe40dc7018b602b293d\" style=\"color:#011068\"><\/p>\n\n\n\n<p class=\"has-text-color has-link-color wp-elements-b3c0570b330f07694a940b63a23cda8e\" style=\"color:#011068\"><strong>Copyright and Trademark Law<\/strong><br>The operator endeavors to respect the copyrights of all graphics, audio files, video sequences, and texts used in all publications, to use graphics, audio files, video sequences, and texts created by the operator, or to rely on license-free materials.\n\nAll trademarks and brand names mentioned within this website and possibly protected by third parties are subject without restriction to the provisions of the applicable trademark law and the ownership rights of the respective registered owners. The mere mention of a trademark does not imply that it is not protected by the rights of third parties.\n\nThe copyright for all content created and published by the operator remains solely with the operator. Any reproduction or use of such graphics, audio files, video sequences, or texts in other electronic or printed publications is not permitted without the operator\u2019s explicit consent.<\/p>\n\n\n\n<p class=\"has-text-color has-link-color wp-elements-fabb2a62e7c1887874bc24fed4f01e63\" style=\"color:#011068\"><strong>Applicable Law<\/strong><br>The operator makes no representation that this website is suitable for users outside the Principality of Liechtenstein or that it is available for use in other locations. Access to publications on this website from countries where the content of such publications is unlawful is prohibited.\nIf you access this website from outside Liechtenstein, you are solely responsible for complying with the applicable local laws.\n\nAny disputes arising from or in connection with this agreement shall be governed by the laws of Liechtenstein, excluding its conflict of laws provisions.<\/p>\n\n\n\n<p class=\"has-text-color has-link-color wp-elements-7d02109e28ee71a6c147c20d2edbab63\" style=\"color:#011068\"><strong>Legal Validity of this Disclaimer<\/strong><br>If parts or individual formulations of this text do not, no longer, or do not fully comply with the applicable legal situation, the remaining parts of the document shall remain unaffected in their content and validity.\n<br>\n<br>\n\nDisclaimer:\nThis English version is a non-binding translation of the original German text. It is provided for convenience only. In the event of any discrepancies or legal interpretation, only the German version shall be legally binding and authoritative.<\/p>","protected":false},"excerpt":{"rendered":"<p>Reuss Private Access AG Industriering 39491 RuggellLiechtenstein Telefon: +423 23 979 00 E-Mail: info@reussprivate.liwww.reussprivate.li Gesch\u00e4ftsf\u00fchrer:Viktor FischerPino Thormann Vorsitz des Verwaltungsrats:Roman Neff Sitz und Handelsregister: Vaduz \u2013 FL-0002.303.446-9LEI: 391200BIEG3Z3VHEJZ37 MwStNr.: 57139 Zust\u00e4ndige Aufsichtsbeh\u00f6rde: Finanzmarktaufsicht Liechtenstein (https:\/\/www.fma-li.li\/)FMA Registernummer: 334473Eintragung: 31.01.2024Kategorie: Verm\u00f6gensverwaltungsgesellschaftReuss Private Access AG ist Teilnehmer am Anlegerentsch\u00e4digungssystem der Einlagensicherungs- und Anlegerentsch\u00e4digungs-Stiftung SV (https:\/\/www.eas-liechtenstein.li\/) Verantwortliche f\u00fcr den [&hellip;]<\/p>\n","protected":false},"author":13,"featured_media":0,"parent":0,"menu_order":29,"comment_status":"closed","ping_status":"closed","template":"","meta":{"_acf_changed":false,"footnotes":""},"class_list":["post-3091","page","type-page","status-publish","hentry"],"acf":[],"yoast_head":"<!-- This site is optimized with the Yoast SEO plugin v26.7 - https:\/\/yoast.com\/wordpress\/plugins\/seo\/ -->\n<title>Impressum - Reuss Private Access AG<\/title>\n<meta name=\"description\" content=\"Das Impressum der Reuss Private Access AG, sowie unsere rechtlichen Hinweise\" \/>\n<meta name=\"robots\" content=\"index, follow, max-snippet:-1, max-image-preview:large, max-video-preview:-1\" \/>\n<link rel=\"canonical\" href=\"https:\/\/reussprivate.li\/en_en\/impressum-2\/\" \/>\n<meta property=\"og:locale\" content=\"en_GB\" \/>\n<meta property=\"og:type\" content=\"article\" \/>\n<meta property=\"og:title\" content=\"Impressum - Reuss Private Access AG\" \/>\n<meta property=\"og:description\" content=\"Das Impressum der Reuss Private Access AG, sowie unsere rechtlichen Hinweise\" \/>\n<meta property=\"og:url\" content=\"https:\/\/reussprivate.li\/en_en\/impressum-2\/\" \/>\n<meta property=\"og:site_name\" content=\"Reuss Private Access AG\" \/>\n<meta property=\"article:modified_time\" content=\"2025-05-28T13:04:54+00:00\" \/>\n<meta property=\"og:image\" content=\"https:\/\/reussprivate.li\/wp-content\/uploads\/2022\/05\/og-rpaccess.png\" \/>\n\t<meta property=\"og:image:width\" content=\"1280\" \/>\n\t<meta property=\"og:image:height\" content=\"720\" \/>\n\t<meta property=\"og:image:type\" content=\"image\/png\" \/>\n<meta name=\"twitter:card\" content=\"summary_large_image\" \/>\n<meta name=\"twitter:label1\" content=\"Estimated reading time\" \/>\n\t<meta name=\"twitter:data1\" content=\"4 minutes\" \/>\n<script type=\"application\/ld+json\" class=\"yoast-schema-graph\">{\"@context\":\"https:\/\/schema.org\",\"@graph\":[{\"@type\":\"WebPage\",\"@id\":\"https:\/\/reussprivate.li\/impressum-2\/\",\"url\":\"https:\/\/reussprivate.li\/impressum-2\/\",\"name\":\"Impressum - Reuss Private Access AG\",\"isPartOf\":{\"@id\":\"https:\/\/reussprivate.li\/#website\"},\"datePublished\":\"2024-02-01T19:02:08+00:00\",\"dateModified\":\"2025-05-28T13:04:54+00:00\",\"description\":\"Das Impressum der Reuss Private Access AG, sowie unsere rechtlichen Hinweise\",\"breadcrumb\":{\"@id\":\"https:\/\/reussprivate.li\/impressum-2\/#breadcrumb\"},\"inLanguage\":\"en-GB\",\"potentialAction\":[{\"@type\":\"ReadAction\",\"target\":[\"https:\/\/reussprivate.li\/impressum-2\/\"]}]},{\"@type\":\"BreadcrumbList\",\"@id\":\"https:\/\/reussprivate.li\/impressum-2\/#breadcrumb\",\"itemListElement\":[{\"@type\":\"ListItem\",\"position\":1,\"name\":\"Home\",\"item\":\"https:\/\/reussprivate.li\/\"},{\"@type\":\"ListItem\",\"position\":2,\"name\":\"Impressum\"}]},{\"@type\":\"WebSite\",\"@id\":\"https:\/\/reussprivate.li\/#website\",\"url\":\"https:\/\/reussprivate.li\/\",\"name\":\"Reuss Private Access AG\",\"description\":\"Grenzenlos.Individuell.ReussPrivateAccess\",\"potentialAction\":[{\"@type\":\"SearchAction\",\"target\":{\"@type\":\"EntryPoint\",\"urlTemplate\":\"https:\/\/reussprivate.li\/?s={search_term_string}\"},\"query-input\":{\"@type\":\"PropertyValueSpecification\",\"valueRequired\":true,\"valueName\":\"search_term_string\"}}],\"inLanguage\":\"en-GB\"}]}<\/script>\n<!-- \/ Yoast SEO plugin. -->","yoast_head_json":{"title":"Impressum - Reuss Private Access AG","description":"Das Impressum der Reuss Private Access AG, sowie unsere rechtlichen Hinweise","robots":{"index":"index","follow":"follow","max-snippet":"max-snippet:-1","max-image-preview":"max-image-preview:large","max-video-preview":"max-video-preview:-1"},"canonical":"https:\/\/reussprivate.li\/en_en\/impressum-2\/","og_locale":"en_GB","og_type":"article","og_title":"Impressum - Reuss Private Access AG","og_description":"Das Impressum der Reuss Private Access AG, sowie unsere rechtlichen Hinweise","og_url":"https:\/\/reussprivate.li\/en_en\/impressum-2\/","og_site_name":"Reuss Private Access AG","article_modified_time":"2025-05-28T13:04:54+00:00","og_image":[{"width":1280,"height":720,"url":"https:\/\/reussprivate.li\/wp-content\/uploads\/2022\/05\/og-rpaccess.png","type":"image\/png"}],"twitter_card":"summary_large_image","twitter_misc":{"Estimated reading time":"4 minutes"},"schema":{"@context":"https:\/\/schema.org","@graph":[{"@type":"WebPage","@id":"https:\/\/reussprivate.li\/impressum-2\/","url":"https:\/\/reussprivate.li\/impressum-2\/","name":"Impressum - Reuss Private Access AG","isPartOf":{"@id":"https:\/\/reussprivate.li\/#website"},"datePublished":"2024-02-01T19:02:08+00:00","dateModified":"2025-05-28T13:04:54+00:00","description":"Das Impressum der Reuss Private Access AG, sowie unsere rechtlichen Hinweise","breadcrumb":{"@id":"https:\/\/reussprivate.li\/impressum-2\/#breadcrumb"},"inLanguage":"en-GB","potentialAction":[{"@type":"ReadAction","target":["https:\/\/reussprivate.li\/impressum-2\/"]}]},{"@type":"BreadcrumbList","@id":"https:\/\/reussprivate.li\/impressum-2\/#breadcrumb","itemListElement":[{"@type":"ListItem","position":1,"name":"Home","item":"https:\/\/reussprivate.li\/"},{"@type":"ListItem","position":2,"name":"Impressum"}]},{"@type":"WebSite","@id":"https:\/\/reussprivate.li\/#website","url":"https:\/\/reussprivate.li\/","name":"Reuss Private Access AG","description":"Grenzenlos.Individuell.ReussPrivateAccess","potentialAction":[{"@type":"SearchAction","target":{"@type":"EntryPoint","urlTemplate":"https:\/\/reussprivate.li\/?s={search_term_string}"},"query-input":{"@type":"PropertyValueSpecification","valueRequired":true,"valueName":"search_term_string"}}],"inLanguage":"en-GB"}]}},"distributor_meta":false,"distributor_terms":false,"distributor_media":false,"distributor_original_site_name":"Reuss Private Access AG","distributor_original_site_url":"https:\/\/reussprivate.li\/en_en","push-errors":false,"_links":{"self":[{"href":"https:\/\/reussprivate.li\/en_en\/wp-json\/wp\/v2\/pages\/3091","targetHints":{"allow":["GET"]}}],"collection":[{"href":"https:\/\/reussprivate.li\/en_en\/wp-json\/wp\/v2\/pages"}],"about":[{"href":"https:\/\/reussprivate.li\/en_en\/wp-json\/wp\/v2\/types\/page"}],"author":[{"embeddable":true,"href":"https:\/\/reussprivate.li\/en_en\/wp-json\/wp\/v2\/users\/13"}],"replies":[{"embeddable":true,"href":"https:\/\/reussprivate.li\/en_en\/wp-json\/wp\/v2\/comments?post=3091"}],"version-history":[{"count":8,"href":"https:\/\/reussprivate.li\/en_en\/wp-json\/wp\/v2\/pages\/3091\/revisions"}],"predecessor-version":[{"id":4211,"href":"https:\/\/reussprivate.li\/en_en\/wp-json\/wp\/v2\/pages\/3091\/revisions\/4211"}],"wp:attachment":[{"href":"https:\/\/reussprivate.li\/en_en\/wp-json\/wp\/v2\/media?parent=3091"}],"curies":[{"name":"wp","href":"https:\/\/api.w.org\/{rel}","templated":true}]}}