{"id":3103,"date":"2024-02-07T11:57:27","date_gmt":"2024-02-07T10:57:27","guid":{"rendered":"https:\/\/reussprivate.li\/?page_id=3103"},"modified":"2025-04-23T11:28:07","modified_gmt":"2025-04-23T09:28:07","slug":"sustainable-finance-disclosure-regulation-sfdr-offenlegungspflicht","status":"publish","type":"page","link":"https:\/\/reussprivate.li\/en_en\/sustainable-finance-disclosure-regulation-sfdr-offenlegungspflicht\/","title":{"rendered":"SFDR"},"content":{"rendered":"\n<h2 class=\"wp-block-heading has-medium-font-size\">Sustainable Finance Disclosure Regulation (SFDR) Offenlegungspflicht<\/h2>\n\n\n\n<p class=\"has-text-color has-link-color wp-elements-e7c1c9fad6e2a0282537ef2a50f34721\" style=\"color:#001068\">In \u00dcbereinstimmung mit dem Nachhaltigkeitsverst\u00e4ndnis der Europ\u00e4ischen Union ist Nachhaltigkeit nicht nur auf \u00f6kologische Aspekte zu begrenzen, sondern soll vielmehr das gesamte ESG-Spektrum (Environment, Social und Governance) ber\u00fccksichtigen. Die Reuss Private Access AG unterliegt diesbez\u00fcglich Offenlegungspflichten aus der Sustainable Finance Disclosure Regulation (OffenlegungsVO), der Art. 5 bis 8 TaxonomieVO und der delegierten VO (EU) 2022\/1288. In Erf\u00fcllung dieser Offenlegungspflichten geben wir Folgendes bekannt:<\/p>\n\n\n\n<p class=\"has-text-color has-link-color wp-elements-ddc5b9475fbf93b9a574c7c780f629c9\" style=\"color:#001068\"><strong>Nachhaltigkeitsstrategie (Art. 3 SFDR):<\/strong><\/p>\n\n\n\n<p class=\"has-text-color has-link-color wp-elements-3402e6147e7eaefd04f0227225d579dd\" style=\"color:#001068\">Nachhaltigkeitsrisiken k\u00f6nnen direkt einen Einfluss auf den Wert von Anlagen aus\u00fcben, indem sie andere relevante Risiken, wie beispielsweise Marktrisiko, Kredit- und Gegenparteirisiko, Liquidit\u00e4tsrisiko, Rechtsrisiko, Reputationsrisiko oder das operationelle Risiko verst\u00e4rken. Nachhaltigkeitsrisiken k\u00f6nnen unter anderem zu einer wesentlichen Verschlechterung des Finanzprofils, der Rentabilit\u00e4t oder des Rufs eines Unternehmens f\u00fchren und sich somit in bedeutendem Masse negativ auf den Wert des Unternehmens auswirken. Die Nichtber\u00fccksichtigung von Nachhaltigkeitsfaktoren im Investmentmanagement kann nachteilige Auswirkungen auf die Umwelt (z.B. Klima, Wasser, Artenvielfalt), auf soziale Interessen und Arbeitnehmerbelange haben und auch der Bek\u00e4mpfung von Korruption und Bestechung abtr\u00e4glich sein. Obwohl gewisse Nachhaltigkeitsgrunds\u00e4tze einen inh\u00e4renten Einfluss auf die Unternehmensf\u00fchrung und die Auslegung der Gesch\u00e4ftsstrategie haben und um keine Rechtlichen Nachteile zu erleiden, erkl\u00e4rt die Reuss Private Access AG, dass sie Nachhaltigkeitskriterien explizit nicht im Rahmen ihrer Gesch\u00e4ftst\u00e4tigkeit beachtet.<\/p>\n\n\n\n<p class=\"has-text-color has-link-color wp-elements-2cfe07f4357c361277aeaea6c0209988\" style=\"color:#001068\">Die Gesch\u00e4ftsmodel der Reuss Private Access AG bestimmt sich grunds\u00e4tzlich anhand vertraglich vereinbarter fixer Verg\u00fctungskriterien f\u00fcr Konkrete Dienstleistungen in Bezug auf bestimmte Finanzinstrumente. So erbringt die Gesellschaft ausschliesslich die Annahme und \u00dcbermittlung von Auftr\u00e4gen, die ein oder mehrere Finanzinstrumente zum Gegenstand haben (Anlagevermittlung) und in sehr beschr\u00e4nktem Masse die Anlageberatung ausschliesslich gegen\u00fcber Investmentfonds als Hauptdienstleistungen. Zudem werden diese Dienstleistungen ausschliesslich gegen\u00fcber professionellen Kunden erbracht. Bei dieser Kundenkategorie ist davon auszugehen, dass sie <em>\u201e[\u2026] <\/em><em>\u00fcber ausreichende Erfahrungen, Kenntnisse und Sachverstand verf\u00fcgen, um [\u2026] Anlageentscheidungen selbst treffen und die damit verbundenen Risiken angemessen beurteilen zu k\u00f6nnen.\u00bb<\/em><\/p>\n\n\n\n<p class=\"has-text-color has-link-color wp-elements-8926c6527f974e71d557e7f87e5dcca9\" style=\"color:#001068\">Erfolgsabh\u00e4ngige Verg\u00fctungen die auf Investmententscheidungen unter Ber\u00fccksichtigung von Nachhaltigkeitsfaktoren und Nachhaltigkeitsrisiken beruhen haben keinen Einfluss auf den Erfolg der Gesellschaft.<\/p>\n\n\n\n<p class=\"has-text-color has-link-color wp-elements-2dd115258072660f225f0f80abf2e847\" style=\"color:#001068\">Die Ber\u00fccksichtigung von Nachhaltigkeitskriterien w\u00e4re in Anbetracht der Gesch\u00e4ftsstrategie weder angemessen noch zielf\u00fchrend und w\u00fcrde die Produktepalette gegen\u00fcber die Gesellschaft Dienstleistungen erbringt unangemessen einschr\u00e4nken.<\/p>\n\n\n\n<p class=\"has-text-color has-link-color wp-elements-ab739ab42bdd6a3d6b62ed067becc5cc\" style=\"color:#001068\">Es findet somit durch die Reuss Private Access AG keine Ber\u00fccksichtigung gem. Art. 4 Abs. 1 Bst. b bzw. Abs. 5 Bst. b SFDR statt und dies ist gem. der aktuell verfolgten Gesch\u00e4ftsstrategie auch nicht vorgesehen.<\/p>\n\n\n\n<p class=\"has-text-color has-link-color wp-elements-376687eef0003295174671bbf600d1e3\" style=\"color:#001068\"><strong>Nachhaltigkeitsrisiken in Bezug auf die Verg\u00fctungspolitik:<\/strong><\/p>\n\n\n\n<p class=\"has-text-color has-link-color wp-elements-8dcc0ad455842ddbdd393fb5897f0a4f\" style=\"color:#001068\">Die Verg\u00fctungspolitik der Reuss Private Access AG steht im Einklang mit ihrer Unternehmensphilosophie und -strategie sowie mit ihren Werten, Zielen und langfristigen Interessen. Auf die Verg\u00fctungspolitik hat die Einbeziehung von Nachhaltigkeitsrisiken keine Auswirkung.<\/p>\n\n\n\n<p class=\"has-text-color has-link-color wp-elements-1a94428fa8b4d760d8e3e3faf750e92d\" style=\"color:#001068\">Die Verg\u00fctungspolitik der Mitarbeitenden der Gesellschaft ist derart ausgestellt um keine Anreize f\u00fcr eine \u00fcberzogene Risikobereitschaft zu setzen. So werden Mitarbeitende ausschliesslich mittels ihrer arbeitsvertraglich festgelegten fixen Verg\u00fctungskomponente entlohnt. Die Auszahlung variabler Verg\u00fctungen in Form von Boni ist nicht vorgesehen. Ebenfalls ist es auch nicht vorgesehen, dass Mitarbeitende variable Verg\u00fctungskomponenten oder sonstige zus\u00e4tzliche Verg\u00fctungskomponenten f\u00fcr das Erreichen spezifischer Ziele (Bspw. f\u00fcr das Erreichen von Verkaufszielen) erhalten. Sollten zu einem sp\u00e4teren Zeitpunkt leistungsabh\u00e4ngige Verg\u00fctungskomponenten f\u00fcr spezifische Mitarbeitende in Betracht kommen, wird im Einzelfall die Stellung des Mitarbeiters ber\u00fccksichtigt (insb. ob und inwieweit dieser Mitarbeitende Kontrollfunktionen o.\u00e4. wahrnimmt), sowie die Massgabe, dass Leistungskriterien die eine solche Verg\u00fctung ausl\u00f6sen w\u00fcrden, langfristig ausgelegt werden. Zudem muss in diesen F\u00e4llen stets ein angemessenes Verh\u00e4ltnis zwischen der variablen und der fixen Verg\u00fctungskomponente sichergestellt werden, wobei die fixe Verg\u00fctungskomponente in jedem Fall den Grossteil der Gesamtverg\u00fctung ausmachen muss.&nbsp;<\/p>\n\n\n\n<p class=\"has-text-color has-link-color wp-elements-16a06fb9301b0c1689a621ac4afee73a\" style=\"color:#001068\">Die Verg\u00fctungspolitik ist ungeachtet der Unternehmensstrategie in Bezug auf Nachhaltigkeitskriterien dennoch in ihrer Ausgestaltung grunds\u00e4tzlich einem angemessenen Management der Nachhaltigkeitsrisiken zutr\u00e4glich. Sie ist so ausgelegt, dass keine Anreize bestehen \u00fcberm\u00e4ssige Risiken einzugehen. Im Rahmen der Verg\u00fctungspolitik wird den Interessen des Kunden jederzeit Rechnung getragen. Es werden auch keine Anreize f\u00fcr ein h\u00e4ufiges Kaufen und Verkaufen von Finanzinstrumenten gesetzt. Insgesamt ist das Verg\u00fctungssystem darauf ausgelegt, Interessenkonflikte zu vermeiden. Vorgenanntes gilt auch in Bezug auf Nachhaltigkeitsrisiken. Das Verg\u00fctungssystem ist neutral aufgesetzt, d.h. es werden keine Anreize gesetzt bestimmte Nachhaltigkeitsrisiken einzugehen oder aber diese zu vermeiden.<\/p>\n\n\n\n<p class=\"has-text-color has-link-color wp-elements-1339154ffa85caa876edde9da19e7e5a\" style=\"color:#001068\"><strong>Transparenz bei der Ber\u00fccksichtigung von Nachhaltigkeitsrisiken (Vorvertragliche Informationen und Erl\u00e4uterungen):<\/strong><\/p>\n\n\n\n<p class=\"has-text-color has-link-color wp-elements-672894cff8afbfd19e467e8bb38aabcb\" style=\"color:#001068\">Da die Gesch\u00e4ftst\u00e4tigkeit der Gesellschaft weder einen Investitionsprozess als notwendig vorsieht, noch Investitionsentscheidungen durch die Gesellschaft oder ihren Kunden unmittelbar in Bezug auf die durch die Gesellschaft erbrachten T\u00e4tigkeiten ausgef\u00fchrt werden, noch Bewertungen auf Finanzprodukte oder deren Renditechancen durch die Gesellschaft gemacht werden, werden Nachhaltigkeitsaspekte vorvertraglich, aber auch dar\u00fcber hinaus, nicht gesondert ber\u00fccksichtigt. Zudem ist unter Betracht des zuvor beschriebenen Kundenstamms davon auszugehen, dass Kunden etwaige Risiken angemessen beurteilen k\u00f6nnen.<\/p>\n\n\n\n<p class=\"has-text-color has-link-color wp-elements-fc1f7ca7152f4dbb4fbcd428a877fa0f\" style=\"color:#001068\">Eine Versicherungsberatung findet durch die Gesellschaft nicht statt. In Einzelf\u00e4llen kann die Gesellschaft eine Anlageberatung erbringen, jedoch erfolgt dies ausschliesslich gg\u00fc. Investmentfonds oder einer externen Finanzportfolioverwaltung wobei diese durch ihre Anlagepolitik, den Risikomanagementmassnahmen, sowie dem beratenen professionellen Portfoliomanagement in der Lage sein m\u00fcssen allf\u00e4llige Nachhaltigkeitsrisiken eigenst\u00e4ndig bewerten zu k\u00f6nnen. Zudem stehen in diesen F\u00e4llen Nachhaltigkeitskriterien nicht im Fokus der Beratungst\u00e4tigkeit. Auf Wunsch und auf Anfrage des Kunden werden gerne weitere Einzelheiten zum Thema Nachhaltigkeit und zu den vorstehenden Informationen zur Verf\u00fcgung gestellt.<\/p>\n\n\n\n<p class=\"has-text-color has-link-color wp-elements-5fe876dab70e428a5a5e1fcd2069da7c\" style=\"color:#001068\"><strong>Transparenz bei nachteiligen Nachhaltigkeitsauswirkungen auf Ebene des Finanzprodukts:<\/strong><\/p>\n\n\n\n<p class=\"has-text-color has-link-color wp-elements-82e51ede7c7039d00ec3127ba121654b\" style=\"color:#001068\">Die Gesellschaft emittiert selbst keine Finanzprodukte. Zudem f\u00fchrt sie keine Portfolioverwaltung oder Beratung von Kunden im Rahmen einer Verm\u00f6gensverwaltung durch. Da die Finanzprodukte die von den Dienstleistungen der Gesellschaft umfasst werden i.d.R nicht f\u00fcr nichtprofessionelle (retail) Kunden zugelassen sind und auch nur in bestimmten M\u00e4rkten zugelassen sind, w\u00e4re die Nennung dieser Finanzprodukte und die Offenlegung wie diese (sofern anwendbar) unter anderem \u00f6kologische oder soziale Merkmale oder eine Kombination daraus bewerben, wie sie diese Merkmale erf\u00fcllen und ob und wie sie einen Index heranziehen und dieser mit ihren Merkmalen vereinbar ist, im Widerspruch zu den grundlegenden Vertriebsvorgaben aus der MiFID II stehen. Somit verzichtet die Reuss Private Access AG an dieser Stelle auf die Offenlegung dieser Informationen um daraus keinen rechtlichen Nachteil in Bezug auf aufsichtsrechtlichen Vertriebsvorgaben in Bezug zu spezifischen, nicht zum \u00f6ffentlichen vertrieb zugelassenen, Finanzprodukten zu erleiden.<\/p>\n\n\n\n<p class=\"has-text-color has-link-color wp-elements-884e2ea561ee3dadc151c9d509853152\" style=\"color:#001068\">Grunds\u00e4tzlich sei erw\u00e4hnt, dass im Rahmen der Erbringung ihrer Dienstleistungen, weder f\u00fcr die Kunden, noch f\u00fcr die Gesellschaft selbst die Nachhaltigkeitskomponenten eines des Finanzprodukts von wesentlicher Bedeutung sind. Die Informationen gem. Art. 8 und 9 SFDR in Bezug auf ein spezifisches Finanzinstrument k\u00f6nnen durch den professionellen Kunden jederzeit aus dem zugrundeliegenden Prospekt oder Informationen des Emittenten des Finanzprodukts entnommen werden. Diese k\u00f6nnen auch grunds\u00e4tzlich bewerten ob das Finanzprodukt in den Anwendungskreis der Artikel 8 und 9 SFDR f\u00e4llt.<\/p>\n\n\n\n<p class=\"has-text-color has-link-color wp-elements-a64d546f5fbd2daf5031e0b5d9f63fed\" style=\"color:#001068\">Durch die Reuss Private Access AG findet somit keine Ber\u00fccksichtigung nachteiliger Auswirkungen der Investitionsentscheidungen auf Nachhaltigkeitsfaktoren (Art. 4 SFDR sowie Art. 12 und 13 del. VO (EU) 2022\/1288) statt.<\/p>\n\n\n\n<p class=\"has-text-color has-link-color wp-elements-829e75f481fc1068395a21d7f07342aa\" style=\"color:#001068\">Die obenstehenden Informationen werden gem. Art. 12 SFDR stets aktuell gehalten.<\/p>\n\n\n\n<p class=\"has-text-color has-link-color wp-elements-16db3289ccab1eda4dc10383c6963a16\" style=\"color:#001068\">&nbsp;Stand November 2024<\/p>\n","protected":false},"excerpt":{"rendered":"<p>Sustainable Finance Disclosure Regulation (SFDR) Offenlegungspflicht In \u00dcbereinstimmung mit dem Nachhaltigkeitsverst\u00e4ndnis der Europ\u00e4ischen Union ist Nachhaltigkeit nicht nur auf \u00f6kologische Aspekte zu begrenzen, sondern soll vielmehr das gesamte ESG-Spektrum (Environment, Social und Governance) ber\u00fccksichtigen. Die Reuss Private Access AG unterliegt diesbez\u00fcglich Offenlegungspflichten aus der Sustainable Finance Disclosure Regulation (OffenlegungsVO), der Art. 5 bis 8 TaxonomieVO [&hellip;]<\/p>\n","protected":false},"author":13,"featured_media":0,"parent":0,"menu_order":19,"comment_status":"closed","ping_status":"closed","template":"","meta":{"_acf_changed":false,"footnotes":""},"class_list":["post-3103","page","type-page","status-publish","hentry"],"acf":[],"yoast_head":"<!-- This site is optimized with the Yoast SEO plugin v26.7 - https:\/\/yoast.com\/wordpress\/plugins\/seo\/ -->\n<title>SFDR - Reuss Private Access AG<\/title>\n<meta name=\"robots\" content=\"index, follow, max-snippet:-1, max-image-preview:large, max-video-preview:-1\" \/>\n<link rel=\"canonical\" href=\"https:\/\/reussprivate.li\/en_en\/sustainable-finance-disclosure-regulation-sfdr-offenlegungspflicht\/\" \/>\n<meta property=\"og:locale\" content=\"en_GB\" \/>\n<meta property=\"og:type\" content=\"article\" \/>\n<meta property=\"og:title\" content=\"SFDR - Reuss Private Access AG\" \/>\n<meta property=\"og:description\" content=\"Sustainable Finance Disclosure Regulation (SFDR) Offenlegungspflicht In \u00dcbereinstimmung mit dem Nachhaltigkeitsverst\u00e4ndnis der Europ\u00e4ischen Union ist Nachhaltigkeit nicht nur auf \u00f6kologische Aspekte zu begrenzen, sondern soll vielmehr das gesamte ESG-Spektrum (Environment, Social und Governance) ber\u00fccksichtigen. Die Reuss Private Access AG unterliegt diesbez\u00fcglich Offenlegungspflichten aus der Sustainable Finance Disclosure Regulation (OffenlegungsVO), der Art. 5 bis 8 TaxonomieVO [&hellip;]\" \/>\n<meta property=\"og:url\" content=\"https:\/\/reussprivate.li\/en_en\/sustainable-finance-disclosure-regulation-sfdr-offenlegungspflicht\/\" \/>\n<meta property=\"og:site_name\" content=\"Reuss Private Access AG\" \/>\n<meta property=\"article:modified_time\" content=\"2025-04-23T09:28:07+00:00\" \/>\n<meta property=\"og:image\" content=\"https:\/\/reussprivate.li\/wp-content\/uploads\/2022\/05\/og-rpaccess.png\" \/>\n\t<meta property=\"og:image:width\" content=\"1280\" \/>\n\t<meta property=\"og:image:height\" content=\"720\" \/>\n\t<meta property=\"og:image:type\" content=\"image\/png\" \/>\n<meta name=\"twitter:card\" content=\"summary_large_image\" \/>\n<meta name=\"twitter:label1\" content=\"Estimated reading time\" \/>\n\t<meta name=\"twitter:data1\" content=\"7 minutes\" \/>\n<script type=\"application\/ld+json\" class=\"yoast-schema-graph\">{\"@context\":\"https:\/\/schema.org\",\"@graph\":[{\"@type\":\"WebPage\",\"@id\":\"https:\/\/reussprivate.li\/sustainable-finance-disclosure-regulation-sfdr-offenlegungspflicht\/\",\"url\":\"https:\/\/reussprivate.li\/sustainable-finance-disclosure-regulation-sfdr-offenlegungspflicht\/\",\"name\":\"SFDR - Reuss Private Access AG\",\"isPartOf\":{\"@id\":\"https:\/\/reussprivate.li\/#website\"},\"datePublished\":\"2024-02-07T10:57:27+00:00\",\"dateModified\":\"2025-04-23T09:28:07+00:00\",\"breadcrumb\":{\"@id\":\"https:\/\/reussprivate.li\/sustainable-finance-disclosure-regulation-sfdr-offenlegungspflicht\/#breadcrumb\"},\"inLanguage\":\"en-GB\",\"potentialAction\":[{\"@type\":\"ReadAction\",\"target\":[\"https:\/\/reussprivate.li\/sustainable-finance-disclosure-regulation-sfdr-offenlegungspflicht\/\"]}]},{\"@type\":\"BreadcrumbList\",\"@id\":\"https:\/\/reussprivate.li\/sustainable-finance-disclosure-regulation-sfdr-offenlegungspflicht\/#breadcrumb\",\"itemListElement\":[{\"@type\":\"ListItem\",\"position\":1,\"name\":\"Home\",\"item\":\"https:\/\/reussprivate.li\/\"},{\"@type\":\"ListItem\",\"position\":2,\"name\":\"SFDR\"}]},{\"@type\":\"WebSite\",\"@id\":\"https:\/\/reussprivate.li\/#website\",\"url\":\"https:\/\/reussprivate.li\/\",\"name\":\"Reuss Private Access AG\",\"description\":\"Grenzenlos.Individuell.ReussPrivateAccess\",\"potentialAction\":[{\"@type\":\"SearchAction\",\"target\":{\"@type\":\"EntryPoint\",\"urlTemplate\":\"https:\/\/reussprivate.li\/?s={search_term_string}\"},\"query-input\":{\"@type\":\"PropertyValueSpecification\",\"valueRequired\":true,\"valueName\":\"search_term_string\"}}],\"inLanguage\":\"en-GB\"}]}<\/script>\n<!-- \/ Yoast SEO plugin. -->","yoast_head_json":{"title":"SFDR - Reuss Private Access AG","robots":{"index":"index","follow":"follow","max-snippet":"max-snippet:-1","max-image-preview":"max-image-preview:large","max-video-preview":"max-video-preview:-1"},"canonical":"https:\/\/reussprivate.li\/en_en\/sustainable-finance-disclosure-regulation-sfdr-offenlegungspflicht\/","og_locale":"en_GB","og_type":"article","og_title":"SFDR - Reuss Private Access AG","og_description":"Sustainable Finance Disclosure Regulation (SFDR) Offenlegungspflicht In \u00dcbereinstimmung mit dem Nachhaltigkeitsverst\u00e4ndnis der Europ\u00e4ischen Union ist Nachhaltigkeit nicht nur auf \u00f6kologische Aspekte zu begrenzen, sondern soll vielmehr das gesamte ESG-Spektrum (Environment, Social und Governance) ber\u00fccksichtigen. Die Reuss Private Access AG unterliegt diesbez\u00fcglich Offenlegungspflichten aus der Sustainable Finance Disclosure Regulation (OffenlegungsVO), der Art. 5 bis 8 TaxonomieVO [&hellip;]","og_url":"https:\/\/reussprivate.li\/en_en\/sustainable-finance-disclosure-regulation-sfdr-offenlegungspflicht\/","og_site_name":"Reuss Private Access AG","article_modified_time":"2025-04-23T09:28:07+00:00","og_image":[{"width":1280,"height":720,"url":"https:\/\/reussprivate.li\/wp-content\/uploads\/2022\/05\/og-rpaccess.png","type":"image\/png"}],"twitter_card":"summary_large_image","twitter_misc":{"Estimated reading time":"7 minutes"},"schema":{"@context":"https:\/\/schema.org","@graph":[{"@type":"WebPage","@id":"https:\/\/reussprivate.li\/sustainable-finance-disclosure-regulation-sfdr-offenlegungspflicht\/","url":"https:\/\/reussprivate.li\/sustainable-finance-disclosure-regulation-sfdr-offenlegungspflicht\/","name":"SFDR - Reuss Private Access AG","isPartOf":{"@id":"https:\/\/reussprivate.li\/#website"},"datePublished":"2024-02-07T10:57:27+00:00","dateModified":"2025-04-23T09:28:07+00:00","breadcrumb":{"@id":"https:\/\/reussprivate.li\/sustainable-finance-disclosure-regulation-sfdr-offenlegungspflicht\/#breadcrumb"},"inLanguage":"en-GB","potentialAction":[{"@type":"ReadAction","target":["https:\/\/reussprivate.li\/sustainable-finance-disclosure-regulation-sfdr-offenlegungspflicht\/"]}]},{"@type":"BreadcrumbList","@id":"https:\/\/reussprivate.li\/sustainable-finance-disclosure-regulation-sfdr-offenlegungspflicht\/#breadcrumb","itemListElement":[{"@type":"ListItem","position":1,"name":"Home","item":"https:\/\/reussprivate.li\/"},{"@type":"ListItem","position":2,"name":"SFDR"}]},{"@type":"WebSite","@id":"https:\/\/reussprivate.li\/#website","url":"https:\/\/reussprivate.li\/","name":"Reuss Private Access AG","description":"Grenzenlos.Individuell.ReussPrivateAccess","potentialAction":[{"@type":"SearchAction","target":{"@type":"EntryPoint","urlTemplate":"https:\/\/reussprivate.li\/?s={search_term_string}"},"query-input":{"@type":"PropertyValueSpecification","valueRequired":true,"valueName":"search_term_string"}}],"inLanguage":"en-GB"}]}},"distributor_meta":false,"distributor_terms":false,"distributor_media":false,"distributor_original_site_name":"Reuss Private Access AG","distributor_original_site_url":"https:\/\/reussprivate.li\/en_en","push-errors":false,"_links":{"self":[{"href":"https:\/\/reussprivate.li\/en_en\/wp-json\/wp\/v2\/pages\/3103","targetHints":{"allow":["GET"]}}],"collection":[{"href":"https:\/\/reussprivate.li\/en_en\/wp-json\/wp\/v2\/pages"}],"about":[{"href":"https:\/\/reussprivate.li\/en_en\/wp-json\/wp\/v2\/types\/page"}],"author":[{"embeddable":true,"href":"https:\/\/reussprivate.li\/en_en\/wp-json\/wp\/v2\/users\/13"}],"replies":[{"embeddable":true,"href":"https:\/\/reussprivate.li\/en_en\/wp-json\/wp\/v2\/comments?post=3103"}],"version-history":[{"count":7,"href":"https:\/\/reussprivate.li\/en_en\/wp-json\/wp\/v2\/pages\/3103\/revisions"}],"predecessor-version":[{"id":3893,"href":"https:\/\/reussprivate.li\/en_en\/wp-json\/wp\/v2\/pages\/3103\/revisions\/3893"}],"wp:attachment":[{"href":"https:\/\/reussprivate.li\/en_en\/wp-json\/wp\/v2\/media?parent=3103"}],"curies":[{"name":"wp","href":"https:\/\/api.w.org\/{rel}","templated":true}]}}