{"id":3108,"date":"2024-02-07T13:22:39","date_gmt":"2024-02-07T12:22:39","guid":{"rendered":"https:\/\/reussprivate.li\/?page_id=3108"},"modified":"2025-05-28T14:59:58","modified_gmt":"2025-05-28T12:59:58","slug":"mitwirkungspflicht","status":"publish","type":"page","link":"https:\/\/reussprivate.li\/en_en\/mitwirkungspflicht\/","title":{"rendered":"Duty to Cooperate"},"content":{"rendered":"<h2 class=\"wp-block-heading\"><\/h2>\n\n\n\n<p class=\"has-text-color has-link-color wp-elements-53cd6322fd35282fc2943123299fe60a\" style=\"color:#001068\">In implementing Directive 2017\/828\/EU, asset managers must, in accordance with Liechtenstein law (Art. 367h of the Persons and Companies Act \u2013 \"PGR\"), either\n(\u00a71) develop an engagement policy and publish it on their website, and\n(\u00a72) publicly report on its implementation,\nor\n(\u00a73) provide a clear and reasoned explanation as to why they do not comply with one or more of these requirements.<\/p>\n\n\n\n<p class=\"has-text-color has-link-color wp-elements-47926c368782c8c4527a3eccfa58712e\" style=\"color:#001068\">Reuss Private Access AG (hereinafter referred to as the \u201cCompany\u201d) qualifies as an \u201casset manager\u201d within the meaning of Article 367a no. 3 of the Liechtenstein Persons and Companies Act (PGR) and is therefore required to describe its engagement policy in accordance with Article 367h PGR.<\/p>\n\n\n\n<p class=\"has-text-color has-link-color wp-elements-a3d70ebae19d3025ab324d3f90f105c6\" style=\"color:#001068\">The Company does not exercise shareholder rights within the meaning of Article 367h paragraph 1 items 1 and 4 PGR that are based on active engagement in companies in which it has invested under discretionary portfolio management mandates.\nIn particular, the Company does not exercise any rights related to the general meetings of public limited companies.\nThe right to dividends and subscription rights is exercised in consultation with the clients.<\/p>\n\n\n\n<ul class=\"wp-block-list\">\n<li>The monitoring of key matters relating to companies, as defined in Article 367h paragraph 1 item 2 PGR, is carried out by reviewing the legally mandated reporting of such companies in financial statements and ad hoc disclosures.<\/li>\n\n\n\n<li>No exchange of views takes place with the corporate bodies or stakeholders of the companies, as referred to in Article 367h paragraph 1 item 3 PGR.<\/li>\n\n\n\n<li>There is no collaboration with other shareholders within the meaning of Article 367h paragraph 1 items 5 and 6 PGR.<\/li>\n\n\n\n<li>In the event of conflicts of interest within the meaning of Article 367h paragraph 1 item 7 PGR, disclosure is made to the affected parties in accordance with legal requirements, and the further course of action is clarified with them.<\/li>\n\n\n\n<li>An annual publication on the implementation of the engagement policy, as required under Article 367h paragraph 2 PGR, is not provided, as no such exercise of rights takes place.<\/li>\n\n\n\n<li>No publication of voting behavior is made within the meaning of Article 367h paragraph 1 item 3 PGR, as no participation in voting takes place.<\/li>\n<\/ul>\n\n\n\n<p class=\"has-text-color has-link-color wp-elements-f6eb91ab92b2c18c54eb3d5a22397672\" style=\"color:#001068\">The Company is committed to good corporate governance and to market- and legally-compliant incentivisation of management.\nWe are open to dialogue on these matters with interested investors, while ensuring confidentiality.\nWe regularly review our engagement policy and update it where appropriate.<\/p>\n\n\n\n<p class=\"has-text-color has-link-color wp-elements-fb9fc2a0c03d2a51c06385bfcb2f1ea8\" style=\"color:#001068\">As of 01.02.2024\n<br>\n<br>\n\nDisclaimer:\nThis English version is a non-binding translation of the original German text. It is provided for convenience only. In the event of any discrepancies or legal interpretation, only the German version shall be legally binding and authoritative.<\/p>","protected":false},"excerpt":{"rendered":"<p>Bei der Umsetzung der Richtlinie&nbsp; 2017\/828 EU m\u00fcssen Verm\u00f6gensverwalter gem\u00e4\u00df Liechtensteiner Gesetzen Art. 367h PGR (\u201ePersonen- und Gesellschaftsrecht\u201c) entweder eine Mitwirkungspolitik entwickeln und diese auf ihrer Website ver\u00f6ffentlichen (\u00a71) und \u00f6ffentlich \u00fcber deren Umsetzung berichten (\u00a72), oder eine klare und begr\u00fcndete Erkl\u00e4rung daf\u00fcr liefern, warum sie eine oder mehrere der Anforderungen nicht erf\u00fcllen (\u00a73). Die [&hellip;]<\/p>\n","protected":false},"author":13,"featured_media":0,"parent":0,"menu_order":16,"comment_status":"closed","ping_status":"closed","template":"","meta":{"_acf_changed":false,"footnotes":""},"class_list":["post-3108","page","type-page","status-publish","hentry"],"acf":[],"yoast_head":"<!-- This site is optimized with the Yoast SEO plugin v26.7 - https:\/\/yoast.com\/wordpress\/plugins\/seo\/ -->\n<title>Mitwirkungspflicht - Reuss Private Access AG<\/title>\n<meta name=\"robots\" content=\"index, follow, max-snippet:-1, max-image-preview:large, max-video-preview:-1\" \/>\n<link rel=\"canonical\" href=\"https:\/\/reussprivate.li\/en_en\/mitwirkungspflicht\/\" \/>\n<meta property=\"og:locale\" content=\"en_GB\" \/>\n<meta property=\"og:type\" content=\"article\" \/>\n<meta property=\"og:title\" content=\"Mitwirkungspflicht - Reuss Private Access AG\" \/>\n<meta property=\"og:description\" content=\"Bei der Umsetzung der Richtlinie&nbsp; 2017\/828 EU m\u00fcssen Verm\u00f6gensverwalter gem\u00e4\u00df Liechtensteiner Gesetzen Art. 367h PGR (\u201ePersonen- und Gesellschaftsrecht\u201c) entweder eine Mitwirkungspolitik entwickeln und diese auf ihrer Website ver\u00f6ffentlichen (\u00a71) und \u00f6ffentlich \u00fcber deren Umsetzung berichten (\u00a72), oder eine klare und begr\u00fcndete Erkl\u00e4rung daf\u00fcr liefern, warum sie eine oder mehrere der Anforderungen nicht erf\u00fcllen (\u00a73). Die [&hellip;]\" \/>\n<meta property=\"og:url\" content=\"https:\/\/reussprivate.li\/en_en\/mitwirkungspflicht\/\" \/>\n<meta property=\"og:site_name\" content=\"Reuss Private Access AG\" \/>\n<meta property=\"article:modified_time\" content=\"2025-05-28T12:59:58+00:00\" \/>\n<meta property=\"og:image\" content=\"https:\/\/reussprivate.li\/wp-content\/uploads\/2022\/05\/og-rpaccess.png\" \/>\n\t<meta property=\"og:image:width\" content=\"1280\" \/>\n\t<meta property=\"og:image:height\" content=\"720\" \/>\n\t<meta property=\"og:image:type\" content=\"image\/png\" \/>\n<meta name=\"twitter:card\" content=\"summary_large_image\" \/>\n<meta name=\"twitter:label1\" content=\"Estimated reading time\" \/>\n\t<meta name=\"twitter:data1\" content=\"2 minutes\" \/>\n<script type=\"application\/ld+json\" class=\"yoast-schema-graph\">{\"@context\":\"https:\/\/schema.org\",\"@graph\":[{\"@type\":\"WebPage\",\"@id\":\"https:\/\/reussprivate.li\/mitwirkungspflicht\/\",\"url\":\"https:\/\/reussprivate.li\/mitwirkungspflicht\/\",\"name\":\"Mitwirkungspflicht - Reuss Private Access AG\",\"isPartOf\":{\"@id\":\"https:\/\/reussprivate.li\/#website\"},\"datePublished\":\"2024-02-07T12:22:39+00:00\",\"dateModified\":\"2025-05-28T12:59:58+00:00\",\"breadcrumb\":{\"@id\":\"https:\/\/reussprivate.li\/mitwirkungspflicht\/#breadcrumb\"},\"inLanguage\":\"en-GB\",\"potentialAction\":[{\"@type\":\"ReadAction\",\"target\":[\"https:\/\/reussprivate.li\/mitwirkungspflicht\/\"]}]},{\"@type\":\"BreadcrumbList\",\"@id\":\"https:\/\/reussprivate.li\/mitwirkungspflicht\/#breadcrumb\",\"itemListElement\":[{\"@type\":\"ListItem\",\"position\":1,\"name\":\"Home\",\"item\":\"https:\/\/reussprivate.li\/\"},{\"@type\":\"ListItem\",\"position\":2,\"name\":\"Mitwirkungspflicht\"}]},{\"@type\":\"WebSite\",\"@id\":\"https:\/\/reussprivate.li\/#website\",\"url\":\"https:\/\/reussprivate.li\/\",\"name\":\"Reuss Private Access AG\",\"description\":\"Grenzenlos.Individuell.ReussPrivateAccess\",\"potentialAction\":[{\"@type\":\"SearchAction\",\"target\":{\"@type\":\"EntryPoint\",\"urlTemplate\":\"https:\/\/reussprivate.li\/?s={search_term_string}\"},\"query-input\":{\"@type\":\"PropertyValueSpecification\",\"valueRequired\":true,\"valueName\":\"search_term_string\"}}],\"inLanguage\":\"en-GB\"}]}<\/script>\n<!-- \/ Yoast SEO plugin. -->","yoast_head_json":{"title":"Mitwirkungspflicht - Reuss Private Access AG","robots":{"index":"index","follow":"follow","max-snippet":"max-snippet:-1","max-image-preview":"max-image-preview:large","max-video-preview":"max-video-preview:-1"},"canonical":"https:\/\/reussprivate.li\/en_en\/mitwirkungspflicht\/","og_locale":"en_GB","og_type":"article","og_title":"Mitwirkungspflicht - Reuss Private Access AG","og_description":"Bei der Umsetzung der Richtlinie&nbsp; 2017\/828 EU m\u00fcssen Verm\u00f6gensverwalter gem\u00e4\u00df Liechtensteiner Gesetzen Art. 367h PGR (\u201ePersonen- und Gesellschaftsrecht\u201c) entweder eine Mitwirkungspolitik entwickeln und diese auf ihrer Website ver\u00f6ffentlichen (\u00a71) und \u00f6ffentlich \u00fcber deren Umsetzung berichten (\u00a72), oder eine klare und begr\u00fcndete Erkl\u00e4rung daf\u00fcr liefern, warum sie eine oder mehrere der Anforderungen nicht erf\u00fcllen (\u00a73). Die [&hellip;]","og_url":"https:\/\/reussprivate.li\/en_en\/mitwirkungspflicht\/","og_site_name":"Reuss Private Access AG","article_modified_time":"2025-05-28T12:59:58+00:00","og_image":[{"width":1280,"height":720,"url":"https:\/\/reussprivate.li\/wp-content\/uploads\/2022\/05\/og-rpaccess.png","type":"image\/png"}],"twitter_card":"summary_large_image","twitter_misc":{"Estimated reading time":"2 minutes"},"schema":{"@context":"https:\/\/schema.org","@graph":[{"@type":"WebPage","@id":"https:\/\/reussprivate.li\/mitwirkungspflicht\/","url":"https:\/\/reussprivate.li\/mitwirkungspflicht\/","name":"Mitwirkungspflicht - Reuss Private Access AG","isPartOf":{"@id":"https:\/\/reussprivate.li\/#website"},"datePublished":"2024-02-07T12:22:39+00:00","dateModified":"2025-05-28T12:59:58+00:00","breadcrumb":{"@id":"https:\/\/reussprivate.li\/mitwirkungspflicht\/#breadcrumb"},"inLanguage":"en-GB","potentialAction":[{"@type":"ReadAction","target":["https:\/\/reussprivate.li\/mitwirkungspflicht\/"]}]},{"@type":"BreadcrumbList","@id":"https:\/\/reussprivate.li\/mitwirkungspflicht\/#breadcrumb","itemListElement":[{"@type":"ListItem","position":1,"name":"Home","item":"https:\/\/reussprivate.li\/"},{"@type":"ListItem","position":2,"name":"Mitwirkungspflicht"}]},{"@type":"WebSite","@id":"https:\/\/reussprivate.li\/#website","url":"https:\/\/reussprivate.li\/","name":"Reuss Private Access AG","description":"Grenzenlos.Individuell.ReussPrivateAccess","potentialAction":[{"@type":"SearchAction","target":{"@type":"EntryPoint","urlTemplate":"https:\/\/reussprivate.li\/?s={search_term_string}"},"query-input":{"@type":"PropertyValueSpecification","valueRequired":true,"valueName":"search_term_string"}}],"inLanguage":"en-GB"}]}},"distributor_meta":false,"distributor_terms":false,"distributor_media":false,"distributor_original_site_name":"Reuss Private Access AG","distributor_original_site_url":"https:\/\/reussprivate.li\/en_en","push-errors":false,"_links":{"self":[{"href":"https:\/\/reussprivate.li\/en_en\/wp-json\/wp\/v2\/pages\/3108","targetHints":{"allow":["GET"]}}],"collection":[{"href":"https:\/\/reussprivate.li\/en_en\/wp-json\/wp\/v2\/pages"}],"about":[{"href":"https:\/\/reussprivate.li\/en_en\/wp-json\/wp\/v2\/types\/page"}],"author":[{"embeddable":true,"href":"https:\/\/reussprivate.li\/en_en\/wp-json\/wp\/v2\/users\/13"}],"replies":[{"embeddable":true,"href":"https:\/\/reussprivate.li\/en_en\/wp-json\/wp\/v2\/comments?post=3108"}],"version-history":[{"count":4,"href":"https:\/\/reussprivate.li\/en_en\/wp-json\/wp\/v2\/pages\/3108\/revisions"}],"predecessor-version":[{"id":4207,"href":"https:\/\/reussprivate.li\/en_en\/wp-json\/wp\/v2\/pages\/3108\/revisions\/4207"}],"wp:attachment":[{"href":"https:\/\/reussprivate.li\/en_en\/wp-json\/wp\/v2\/media?parent=3108"}],"curies":[{"name":"wp","href":"https:\/\/api.w.org\/{rel}","templated":true}]}}