{"id":3280,"date":"2024-03-27T13:41:32","date_gmt":"2024-03-27T12:41:32","guid":{"rendered":"https:\/\/reussprivate.li\/?page_id=3280"},"modified":"2025-04-17T16:11:48","modified_gmt":"2025-04-17T14:11:48","slug":"wichtige-information-fuer-erstkontakte","status":"publish","type":"page","link":"https:\/\/reussprivate.li\/en_en\/wichtige-information-fuer-erstkontakte\/","title":{"rendered":"Wichtige Information f\u00fcr Erstkontakte"},"content":{"rendered":"<h3 class=\"wp-block-heading\"><strong>Wichtige Informationen zum Erstkontakt<\/strong><\/h3>\n\n\n\n<p><a href=\"https:\/\/reussprivate.li\/en_en\/en\/important-information-for-the-first-contact\/\" target=\"_blank\" rel=\"noreferrer noopener\">(ENGLISH VERSION AVAILABLE HERE)<\/a><\/p>\n\n\n\n<ul class=\"wp-block-list\">\n<li>Kundenklassifizierung<\/li>\n<\/ul>\n\n\n\n<p>Hiermit informieren wir Sie ausdr\u00fccklich \u00fcber Ihre Einstufung als professioneller Kunde gem\u00e4\u00df Anhang II der Richtlinie 2014\/65 EU in der in den jeweiligen nationalen Rechtsvorschriften umgesetzten Fassung (&#8222;MiFID II&#8220;). Eine \u00c4nderung der Klassifizierung kann jederzeit auf Ihren schriftlichen Antrag gem\u00e4\u00df Anhang 1 Lit. C VVG erfolgen.<\/p>\n\n\n\n<ul class=\"wp-block-list\">\n<li>Art der Dienstleistung<\/li>\n<\/ul>\n\n\n\n<p>Die vertraglich gebundene Vermittlerin, vertreten durch den Agenten (&#8222;vertraglich gebundene Vermittlerin&#8220;), ist berechtigt, sich ausschlie\u00dflich mit der Entgegennahme und \u00dcbermittlung von Auftr\u00e4gen im Sinne von Anhang I A (1) MiFID II an professionelle Kunden im Sinne von Anhang I A (1) MiFID II, wie sie in den jeweiligen nationalen Rechtsordnungen umgesetzt sind, zu befassen. Wir weisen mit diesem Merkblatt ausdr\u00fccklich darauf hin, dass Ihnen eine Angemessenheitspr\u00fcfung nach Artikel 56 der Delegierten Verordnung (EU) 2017\/565 nicht zur Verf\u00fcgung gestellt wird.<\/p>\n\n\n\n<ul class=\"wp-block-list\">\n<li>Nachweis der Mitteilung \u00fcber den Status des vertraglich gebundenen Vermittlers<\/li>\n<\/ul>\n\n\n\n<p>Hiermit informieren wir Sie vor Beginn der Gesch\u00e4ftsbeziehung, dass der vertraglich gebundene Vermittler seine Leistung nur f\u00fcr Rechnung und unter der Haftung der Reuss Private Access AG gem\u00e4\u00df Art. 23 VVG erbringen darf. Die Reuss Private Access AG verf\u00fcgt \u00fcber die erforderliche Erm\u00e4chtigung der Finanzmarktaufsicht Liechtenstein (FMA) nach Art. 5 VVG.<\/p>\n\n\n\n<ul class=\"wp-block-list\">\n<li>Nachweis der Offenlegung \u00fcber das Potenzial eines Interessenkonflikts<\/li>\n<\/ul>\n\n\n\n<p>Dar\u00fcber hinaus weisen wir Sie vor der Durchf\u00fchrung einer Transaktion darauf hin, dass ein potenzieller Interessenkonflikt zwischen ihren Kundeninteressen an einer objektiven Beratung und dem Interesse des vertraglich gebundenen Vermittlers an einem m\u00f6glichst hohen Produktvertrieb entstehen k\u00f6nnte.<\/p>\n\n\n\n<ul class=\"wp-block-list\">\n<li>Informationen nach der Datenschutz-Grundverordnung (&#8222;DSGVO&#8220;)<\/li>\n<\/ul>\n\n\n\n<p>Abschlie\u00dfend weisen wir ausdr\u00fccklich darauf hin, dass die RPAc, sowohl Ihren Namen als auch Ihre Gesch\u00e4ftsanschrift sowie Ihre gesch\u00e4ftliche E-Mail-Adresse aus \u00f6ffentlich zug\u00e4nglichen Quellen und ausschlie\u00dflich zu den oben genannten Zwecken gem\u00e4\u00df Art. 6 Abs. 1 f DSGVO erhalten hat und entsprechend den gesetzlichen Aufbewahrungspflichten speichert.<\/p>\n\n\n\n<p><em>01.04.2024<\/em><\/p>","protected":false},"excerpt":{"rendered":"<p>Wichtige Informationen zum Erstkontakt (ENGLISH VERSION AVAILABLE HERE) Hiermit informieren wir Sie ausdr\u00fccklich \u00fcber Ihre Einstufung als professioneller Kunde gem\u00e4\u00df Anhang II der Richtlinie 2014\/65 EU in der in den jeweiligen nationalen Rechtsvorschriften umgesetzten Fassung (&#8222;MiFID II&#8220;). Eine \u00c4nderung der Klassifizierung kann jederzeit auf Ihren schriftlichen Antrag gem\u00e4\u00df Anhang 1 Lit. C VVG erfolgen. Die [&hellip;]<\/p>\n","protected":false},"author":13,"featured_media":0,"parent":0,"menu_order":11,"comment_status":"closed","ping_status":"closed","template":"","meta":{"_acf_changed":false,"footnotes":""},"class_list":["post-3280","page","type-page","status-publish","hentry"],"acf":[],"yoast_head":"<!-- This site is optimized with the Yoast SEO plugin v26.7 - https:\/\/yoast.com\/wordpress\/plugins\/seo\/ -->\n<title>Wichtige Information f\u00fcr Erstkontakte - Reuss Private Access AG<\/title>\n<meta name=\"robots\" content=\"index, follow, max-snippet:-1, max-image-preview:large, max-video-preview:-1\" \/>\n<link rel=\"canonical\" href=\"https:\/\/reussprivate.li\/en_en\/wichtige-information-fuer-erstkontakte\/\" \/>\n<meta property=\"og:locale\" content=\"en_GB\" \/>\n<meta property=\"og:type\" content=\"article\" \/>\n<meta property=\"og:title\" content=\"Wichtige Information f\u00fcr Erstkontakte - Reuss Private Access AG\" \/>\n<meta property=\"og:description\" content=\"Wichtige Informationen zum Erstkontakt (ENGLISH VERSION AVAILABLE HERE) Hiermit informieren wir Sie ausdr\u00fccklich \u00fcber Ihre Einstufung als professioneller Kunde gem\u00e4\u00df Anhang II der Richtlinie 2014\/65 EU in der in den jeweiligen nationalen Rechtsvorschriften umgesetzten Fassung (&#8222;MiFID II&#8220;). Eine \u00c4nderung der Klassifizierung kann jederzeit auf Ihren schriftlichen Antrag gem\u00e4\u00df Anhang 1 Lit. C VVG erfolgen. Die [&hellip;]\" \/>\n<meta property=\"og:url\" content=\"https:\/\/reussprivate.li\/en_en\/wichtige-information-fuer-erstkontakte\/\" \/>\n<meta property=\"og:site_name\" content=\"Reuss Private Access AG\" \/>\n<meta property=\"article:modified_time\" content=\"2025-04-17T14:11:48+00:00\" \/>\n<meta property=\"og:image\" content=\"https:\/\/reussprivate.li\/wp-content\/uploads\/2022\/05\/og-rpaccess.png\" \/>\n\t<meta property=\"og:image:width\" content=\"1280\" \/>\n\t<meta property=\"og:image:height\" content=\"720\" \/>\n\t<meta property=\"og:image:type\" content=\"image\/png\" \/>\n<meta name=\"twitter:card\" content=\"summary_large_image\" \/>\n<meta name=\"twitter:label1\" content=\"Estimated reading time\" \/>\n\t<meta name=\"twitter:data1\" content=\"2 minutes\" \/>\n<script type=\"application\/ld+json\" class=\"yoast-schema-graph\">{\"@context\":\"https:\/\/schema.org\",\"@graph\":[{\"@type\":\"WebPage\",\"@id\":\"https:\/\/reussprivate.li\/wichtige-information-fuer-erstkontakte\/\",\"url\":\"https:\/\/reussprivate.li\/wichtige-information-fuer-erstkontakte\/\",\"name\":\"Wichtige Information f\u00fcr Erstkontakte - Reuss Private Access AG\",\"isPartOf\":{\"@id\":\"https:\/\/reussprivate.li\/#website\"},\"datePublished\":\"2024-03-27T12:41:32+00:00\",\"dateModified\":\"2025-04-17T14:11:48+00:00\",\"breadcrumb\":{\"@id\":\"https:\/\/reussprivate.li\/wichtige-information-fuer-erstkontakte\/#breadcrumb\"},\"inLanguage\":\"en-GB\",\"potentialAction\":[{\"@type\":\"ReadAction\",\"target\":[\"https:\/\/reussprivate.li\/wichtige-information-fuer-erstkontakte\/\"]}]},{\"@type\":\"BreadcrumbList\",\"@id\":\"https:\/\/reussprivate.li\/wichtige-information-fuer-erstkontakte\/#breadcrumb\",\"itemListElement\":[{\"@type\":\"ListItem\",\"position\":1,\"name\":\"Home\",\"item\":\"https:\/\/reussprivate.li\/\"},{\"@type\":\"ListItem\",\"position\":2,\"name\":\"Wichtige Information f\u00fcr Erstkontakte\"}]},{\"@type\":\"WebSite\",\"@id\":\"https:\/\/reussprivate.li\/#website\",\"url\":\"https:\/\/reussprivate.li\/\",\"name\":\"Reuss Private Access AG\",\"description\":\"Grenzenlos.Individuell.ReussPrivateAccess\",\"potentialAction\":[{\"@type\":\"SearchAction\",\"target\":{\"@type\":\"EntryPoint\",\"urlTemplate\":\"https:\/\/reussprivate.li\/?s={search_term_string}\"},\"query-input\":{\"@type\":\"PropertyValueSpecification\",\"valueRequired\":true,\"valueName\":\"search_term_string\"}}],\"inLanguage\":\"en-GB\"}]}<\/script>\n<!-- \/ Yoast SEO plugin. -->","yoast_head_json":{"title":"Wichtige Information f\u00fcr Erstkontakte - Reuss Private Access AG","robots":{"index":"index","follow":"follow","max-snippet":"max-snippet:-1","max-image-preview":"max-image-preview:large","max-video-preview":"max-video-preview:-1"},"canonical":"https:\/\/reussprivate.li\/en_en\/wichtige-information-fuer-erstkontakte\/","og_locale":"en_GB","og_type":"article","og_title":"Wichtige Information f\u00fcr Erstkontakte - Reuss Private Access AG","og_description":"Wichtige Informationen zum Erstkontakt (ENGLISH VERSION AVAILABLE HERE) Hiermit informieren wir Sie ausdr\u00fccklich \u00fcber Ihre Einstufung als professioneller Kunde gem\u00e4\u00df Anhang II der Richtlinie 2014\/65 EU in der in den jeweiligen nationalen Rechtsvorschriften umgesetzten Fassung (&#8222;MiFID II&#8220;). Eine \u00c4nderung der Klassifizierung kann jederzeit auf Ihren schriftlichen Antrag gem\u00e4\u00df Anhang 1 Lit. C VVG erfolgen. Die [&hellip;]","og_url":"https:\/\/reussprivate.li\/en_en\/wichtige-information-fuer-erstkontakte\/","og_site_name":"Reuss Private Access AG","article_modified_time":"2025-04-17T14:11:48+00:00","og_image":[{"width":1280,"height":720,"url":"https:\/\/reussprivate.li\/wp-content\/uploads\/2022\/05\/og-rpaccess.png","type":"image\/png"}],"twitter_card":"summary_large_image","twitter_misc":{"Estimated reading time":"2 minutes"},"schema":{"@context":"https:\/\/schema.org","@graph":[{"@type":"WebPage","@id":"https:\/\/reussprivate.li\/wichtige-information-fuer-erstkontakte\/","url":"https:\/\/reussprivate.li\/wichtige-information-fuer-erstkontakte\/","name":"Wichtige Information f\u00fcr Erstkontakte - Reuss Private Access AG","isPartOf":{"@id":"https:\/\/reussprivate.li\/#website"},"datePublished":"2024-03-27T12:41:32+00:00","dateModified":"2025-04-17T14:11:48+00:00","breadcrumb":{"@id":"https:\/\/reussprivate.li\/wichtige-information-fuer-erstkontakte\/#breadcrumb"},"inLanguage":"en-GB","potentialAction":[{"@type":"ReadAction","target":["https:\/\/reussprivate.li\/wichtige-information-fuer-erstkontakte\/"]}]},{"@type":"BreadcrumbList","@id":"https:\/\/reussprivate.li\/wichtige-information-fuer-erstkontakte\/#breadcrumb","itemListElement":[{"@type":"ListItem","position":1,"name":"Home","item":"https:\/\/reussprivate.li\/"},{"@type":"ListItem","position":2,"name":"Wichtige Information f\u00fcr Erstkontakte"}]},{"@type":"WebSite","@id":"https:\/\/reussprivate.li\/#website","url":"https:\/\/reussprivate.li\/","name":"Reuss Private Access AG","description":"Grenzenlos.Individuell.ReussPrivateAccess","potentialAction":[{"@type":"SearchAction","target":{"@type":"EntryPoint","urlTemplate":"https:\/\/reussprivate.li\/?s={search_term_string}"},"query-input":{"@type":"PropertyValueSpecification","valueRequired":true,"valueName":"search_term_string"}}],"inLanguage":"en-GB"}]}},"distributor_meta":false,"distributor_terms":false,"distributor_media":false,"distributor_original_site_name":"Reuss Private Access AG","distributor_original_site_url":"https:\/\/reussprivate.li\/en_en","push-errors":false,"_links":{"self":[{"href":"https:\/\/reussprivate.li\/en_en\/wp-json\/wp\/v2\/pages\/3280","targetHints":{"allow":["GET"]}}],"collection":[{"href":"https:\/\/reussprivate.li\/en_en\/wp-json\/wp\/v2\/pages"}],"about":[{"href":"https:\/\/reussprivate.li\/en_en\/wp-json\/wp\/v2\/types\/page"}],"author":[{"embeddable":true,"href":"https:\/\/reussprivate.li\/en_en\/wp-json\/wp\/v2\/users\/13"}],"replies":[{"embeddable":true,"href":"https:\/\/reussprivate.li\/en_en\/wp-json\/wp\/v2\/comments?post=3280"}],"version-history":[{"count":3,"href":"https:\/\/reussprivate.li\/en_en\/wp-json\/wp\/v2\/pages\/3280\/revisions"}],"predecessor-version":[{"id":3285,"href":"https:\/\/reussprivate.li\/en_en\/wp-json\/wp\/v2\/pages\/3280\/revisions\/3285"}],"wp:attachment":[{"href":"https:\/\/reussprivate.li\/en_en\/wp-json\/wp\/v2\/media?parent=3280"}],"curies":[{"name":"wp","href":"https:\/\/api.w.org\/{rel}","templated":true}]}}