{"id":3720,"date":"2025-04-22T12:40:36","date_gmt":"2025-04-22T10:40:36","guid":{"rendered":"https:\/\/reussprivate.li\/?page_id=3720"},"modified":"2025-05-28T14:24:55","modified_gmt":"2025-05-28T12:24:55","slug":"datenschutz-einverstaendniserklaerung","status":"publish","type":"page","link":"https:\/\/reussprivate.li\/en_en\/datenschutz-einverstaendniserklaerung\/","title":{"rendered":"Privacy Consent Declaration"},"content":{"rendered":"<p class=\"has-text-color has-link-color wp-elements-ddbee98baf21f87b1865b20b1b787fe3\" style=\"color:#001068\">Privacy \/ Confidentiality \/ Complaints and Other Obligations of the Contracting Parties<\/p>\n\n\n\n<p class=\"has-text-color has-link-color wp-elements-99180e452770908301f8926e93e8af68\" style=\"color:#001068\"><strong><u>Principles<\/u><\/strong><\/p>\n\n\n\n<p class=\"has-text-color has-link-color wp-elements-1d6c9da6eb096a7a8e501c337917ef44\" style=\"color:#011068\">With the following privacy notice, we aim to provide you with an overview of how personal data maintained by our investment firm is processed, as well as the rights arising therefrom under the EU General Data Protection Regulation (GDPR) and the Liechtenstein Data Protection Act (DSG).\nThe type and scope of personal data processed, and the manner in which it is used, depend primarily on the services and products agreed upon in each case. The investment firm is legally obliged to protect your privacy and confidentiality. For this reason, we implement a wide range of technical and organizational data protection measures for all personal data processing activities.<\/p>\n\n\n\n<ol class=\"wp-block-list\"><\/ol>\n\n\n\n<ul class=\"wp-block-list\">\n<li>Contracts between the investment firm and its clients may contain more detailed provisions on the processing of such personal data, including requirements for which data are to be made available under the contract and how that data may be processed.&nbsp;<\/li>\n<\/ul>\n\n\n\n<ul class=\"wp-block-list\">\n<li>Regardless of the contractual provisions, both parties ensure full compliance with applicable data protection regulations during the performance of their contractual obligations.\nThe processing of personal data takes place in accordance with the applicable data protection laws of Liechtenstein, including Regulation (EU) 2016\/679 of the European Parliament and of the Council (GDPR).<\/li>\n<\/ul>\n\n\n\n<ul class=\"wp-block-list\">\n<li>The contracting parties are aware of their rights and obligations under the relevant data protection laws.<\/li>\n<\/ul>\n\n\n\n<p class=\"has-text-color has-link-color wp-elements-73471afb70d45f02146692b0827e17a2\" style=\"color:#001068\"><br><strong><u>Confidentiality<\/u><\/strong><\/p>\n\n\n\n<p class=\"has-text-color has-link-color wp-elements-75f87bbfbbfdd0fff76814586da69218\" style=\"color:#011068\">Confidential information may only be disclosed if required by law or by order of a public authority, or with the express consent of the other party.\nIf disclosure is required, the disclosing party must inform the other party immediately\u2014where legally permissible\u2014once a request for information from an authority is received or any other sovereign measures are imposed.&nbsp;<\/p>\n\n\n\n<p class=\"has-text-color has-link-color wp-elements-b50296e4c59bb185c1b63bcdcdb7701b\" style=\"color:#011068\">Each party ensures that its employees and any third parties acting on its behalf are bound to a comparable confidentiality obligation.<\/p>\n\n\n\n<p class=\"has-text-color has-link-color wp-elements-e3848671e0bcf70bf8e166960ee3c821\" style=\"color:#011068\">This confidentiality obligation shall remain in effect for five years following the termination of this agreement.<\/p>\n\n\n\n<p class=\"has-text-color has-link-color wp-elements-32c9dc43bedcda2656ca86dc92beb0c8\" style=\"color:#011068\">The confidentiality obligation does not apply to information that:<\/p>\n\n\n\n<ul class=\"wp-block-list\">\n<li>Is publicly accessible, was already known to the parties, or was later made public by the disclosing party,<\/li>\n\n\n\n<li>Has been lawfully received or is received from a third party not subject to a confidentiality obligation to the other party,<\/li>\n\n\n\n<li>Was already publicly known at the time of signing or later became known without violating the obligations of this agreement,<\/li>\n\n\n\n<li>Was already known to the receiving party at the time of transmission and was not directly or indirectly provided by the other party.<\/li>\n<\/ul>\n\n\n\n<p class=\"has-text-color has-link-color wp-elements-43fd30945ffdf2eeb852318a2dabbba1\" style=\"color:#001068\"><strong><u>Collection of Personal Data<\/u><\/strong><\/p>\n\n\n\n<p class=\"has-text-color has-link-color wp-elements-b39f785590f6c52854aae5c418e4f1d7\" style=\"color:#011068\">Reuss Private Access AG collects and processes personal data that we receive as part of our business relationship with our clients. Personal data may be processed at any stage of the business relationship and may vary depending on the individual or client group.<\/p>\n\n\n\n<p class=\"has-text-color has-link-color wp-elements-9742a9d1f6ec77c09482a7c5bc06cce2\" style=\"color:#011068\">Personal data includes, in particular, the following categories:<\/p>\n\n\n\n<ol class=\"wp-block-list\"><\/ol>\n\n\n\n<p class=\"has-text-color has-link-color wp-elements-56f8a3a7344e3fa5c573e2dd4dd23cba\" style=\"color:#001068\">Basic identification data<\/p>\n\n\n\n<ul class=\"wp-block-list\">\n<li>Personal details (e.g. name, date of birth, nationality)<ul><li>Address and contact information (e.g. physical address, telephone number, email address)<\/li><\/ul><ul><li>Identification and authentication data (e.g. passport or ID card data, signature samples)<\/li><\/ul>\n<ul class=\"wp-block-list\">\n<li>Data from publicly available sources (e.g. tax identification numbers)<\/li>\n<\/ul>\n<\/li>\n<\/ul>\n\n\n\n<p class=\"has-text-color has-link-color wp-elements-d53194f6c49b18b952a76b69e754f97c\" style=\"color:#001068\">Extended background data<\/p>\n\n\n\n<ul class=\"wp-block-list\">\n<li>Information on services and products used (e.g. investment experience and profile, advisory documentation, data relating to executed transactions)<ul><li>Information on household composition and relationships (e.g. spouse or partner details, family information, authorized signatories, legal representatives)<\/li><\/ul><ul><li>Financial characteristics and situation (e.g. portfolio and account numbers, origin of wealth)<\/li><\/ul><ul><li>Professional and personal background (e.g. occupation, hobbies, preferences, goals)<\/li><\/ul><ul><li>Technical data and information relating to electronic communication with the investment firm (e.g. access logs or change history)<\/li><\/ul>\n<ul class=\"wp-block-list\">\n<li>Audio and visual recordings (e.g. telephone or video recordings)<\/li>\n<\/ul>\n<\/li>\n<\/ul>\n\n\n\n<p class=\"has-text-color has-link-color wp-elements-c1f4ce64bad937aa4032a08113752e2a\" style=\"color:#001068\"><strong><u>Processing of Personal Data<\/u><\/strong><\/p>\n\n\n\n<p class=\"has-text-color has-link-color wp-elements-a8cb79f9a170e20be5f14e494ad5e836\" style=\"color:#011068\">In principle, we process personal data that you provide to us through submitted contracts, forms, correspondence, or other documents. Where necessary for the provision of services, we may also process personal data arising from the use of products or services, data transmitted to us by third parties (e.g. fiduciary service providers), or data we lawfully obtain from public authorities (e.g. UN or EU sanctions lists). Personal data may also be obtained from publicly accessible sources, such as commercial or association registers, the press, or the internet.<\/p>\n\n\n\n<p class=\"has-text-color has-link-color wp-elements-c4006e9c4159a29e48ec21001f5dc7d5\" style=\"color:#011068\">In addition to client data, we may also process personal data of other individuals involved in the business relationship\u2014for example, authorized representatives, legal successors, or beneficial owners.\nWe kindly ask you to inform such third parties of the contents of this privacy notice.<\/p>\n\n\n\n<p class=\"has-text-color has-link-color wp-elements-09673492f82fb956e401c920ad78d770\" style=\"color:#011068\">Access to your data may be granted to entities both within and outside of the investment firm.\nInternally, only those departments or employees who require the data to fulfil our contractual, legal, or regulatory obligations \u2014 or to protect legitimate interests \u2014 will have access. Subject to compliance with relevant laws, other companies, service providers, or agents may also receive personal data for these purposes.<\/p>\n\n\n\n<p class=\"has-text-color has-link-color wp-elements-fbb36ed6318953c4f9b4cb508070a90f\" style=\"color:#011068\">Such processors may include companies in the areas of:\n\n- Asset management services\n- Distribution agreements\n- IT services\n- Logistics\n- Print services\n- Consulting\n - Sales and marketing<\/p>\n\n\n\n<p class=\"has-text-color has-link-color wp-elements-6315efe7ad94af0687f6591335943ee4\" style=\"color:#011068\">it is required for the provision of services or processing of instructions (e.g. execution of securities transactions),<\/p>\n\n\n\n<ul class=\"wp-block-list\">\n<li>you have given your consent (e.g. for client support by another entity),<\/li>\n<\/ul>\n\n\n\n<ul class=\"wp-block-list\">\n<li>it is necessary for important reasons of public interest, or<\/li>\n<\/ul>\n\n\n\n<ul class=\"wp-block-list\">\n<li>it is legally required (e.g. for transaction reporting obligations).<\/li>\n<\/ul>\n\n\n\n<ul class=\"wp-block-list\">\n<li>Such transfers are only made to countries that the European Commission has deemed to have an adequate level of data protection. Where this is not the case, we implement measures to ensure adequate protection of your data, including the use of Standard Contractual Clauses (SCCs), which are available upon request.<\/li>\n<\/ul>\n\n\n\n<ul class=\"wp-block-list\">\n<li>We process and store personal data for the duration of the business relationship, unless shorter mandatory retention periods apply. Please note that business relationships are often designed to last for several years.\n\nThe duration of storage is determined by the necessity and purpose of the specific data processing.\nOnce data is no longer required for the fulfilment of contractual or legal obligations\u2014or to safeguard legitimate interests\u2014it is regularly deleted, unless its continued processing is required to comply with statutory retention periods or to preserve evidence within the scope of applicable limitation periods.\n\nUnder the Asset Management Act, the general retention period is five years, and may be extended to seven years upon request by the Liechtenstein Financial Market Authority (FMA).\nAccording to the Due Diligence Act, data must be retained for ten years.<\/li>\n<\/ul>\n\n\n\n<ol class=\"wp-block-list\"><\/ol>\n\n\n\n<p class=\"has-text-color has-link-color wp-elements-0883439d3584f4d3c8c3392d8fba62f8\" style=\"color:#001068\">Last updated: 23 September 2024\n<br>\n<br>\n\nDisclaimer:\nThis English version is a non-binding translation of the original German text. It is provided for convenience only. In the event of any discrepancies or legal interpretation, only the German version shall be legally binding and authoritative.&nbsp;<\/p>","protected":false},"excerpt":{"rendered":"<p>Datenschutz \/ Geheimhaltung \/ Beschwerden und sonstige Pflichten der Vertragsparteien Grunds\u00e4tze Mit den folgenden Datenschutzhinweisen m\u00f6chten wir Ihnen einen \u00dcberblick geben \u00fcber die Verarbeitung der bei unserem Wertpapierinstitut gef\u00fchrten personenbezogenen Daten und die daraus resultierenden Rechte nach den Bestimmungen der EU-DSGVO und dem Datenschutzgesetz (DSG). Welche Daten im Einzelnen verarbeitet und in welcher Weise genutzt [&hellip;]<\/p>\n","protected":false},"author":14,"featured_media":0,"parent":0,"menu_order":28,"comment_status":"closed","ping_status":"closed","template":"","meta":{"_acf_changed":false,"footnotes":""},"class_list":["post-3720","page","type-page","status-publish","hentry"],"acf":[],"yoast_head":"<!-- This site is optimized with the Yoast SEO plugin v26.7 - https:\/\/yoast.com\/wordpress\/plugins\/seo\/ -->\n<title>Datenschutz Einverst\u00e4ndniserkl\u00e4rung - Reuss Private Access AG<\/title>\n<meta name=\"description\" content=\"Das Impressum der Reuss Private Access AG, sowie unsere rechtlichen Hinweise\" \/>\n<meta name=\"robots\" content=\"index, follow, max-snippet:-1, max-image-preview:large, max-video-preview:-1\" \/>\n<link rel=\"canonical\" href=\"https:\/\/reussprivate.li\/en_en\/datenschutz-einverstaendniserklaerung\/\" \/>\n<meta property=\"og:locale\" content=\"en_GB\" \/>\n<meta property=\"og:type\" content=\"article\" \/>\n<meta property=\"og:title\" content=\"Datenschutz Einverst\u00e4ndniserkl\u00e4rung - Reuss Private Access AG\" \/>\n<meta property=\"og:description\" content=\"Das Impressum der Reuss Private Access AG, sowie unsere rechtlichen Hinweise\" \/>\n<meta property=\"og:url\" content=\"https:\/\/reussprivate.li\/en_en\/datenschutz-einverstaendniserklaerung\/\" \/>\n<meta property=\"og:site_name\" content=\"Reuss Private Access AG\" \/>\n<meta property=\"article:modified_time\" content=\"2025-05-28T12:24:55+00:00\" \/>\n<meta property=\"og:image\" content=\"https:\/\/reussprivate.li\/wp-content\/uploads\/2022\/05\/og-rpaccess.png\" \/>\n\t<meta property=\"og:image:width\" content=\"1280\" \/>\n\t<meta property=\"og:image:height\" content=\"720\" \/>\n\t<meta property=\"og:image:type\" content=\"image\/png\" \/>\n<meta name=\"twitter:card\" content=\"summary_large_image\" \/>\n<meta name=\"twitter:label1\" content=\"Estimated reading time\" \/>\n\t<meta name=\"twitter:data1\" content=\"7 minutes\" \/>\n<script type=\"application\/ld+json\" class=\"yoast-schema-graph\">{\"@context\":\"https:\/\/schema.org\",\"@graph\":[{\"@type\":\"WebPage\",\"@id\":\"https:\/\/reussprivate.li\/datenschutz-einverstaendniserklaerung\/\",\"url\":\"https:\/\/reussprivate.li\/datenschutz-einverstaendniserklaerung\/\",\"name\":\"Datenschutz Einverst\u00e4ndniserkl\u00e4rung - Reuss Private Access AG\",\"isPartOf\":{\"@id\":\"https:\/\/reussprivate.li\/#website\"},\"datePublished\":\"2025-04-22T10:40:36+00:00\",\"dateModified\":\"2025-05-28T12:24:55+00:00\",\"description\":\"Das Impressum der Reuss Private Access AG, sowie unsere rechtlichen Hinweise\",\"breadcrumb\":{\"@id\":\"https:\/\/reussprivate.li\/datenschutz-einverstaendniserklaerung\/#breadcrumb\"},\"inLanguage\":\"en-GB\",\"potentialAction\":[{\"@type\":\"ReadAction\",\"target\":[\"https:\/\/reussprivate.li\/datenschutz-einverstaendniserklaerung\/\"]}]},{\"@type\":\"BreadcrumbList\",\"@id\":\"https:\/\/reussprivate.li\/datenschutz-einverstaendniserklaerung\/#breadcrumb\",\"itemListElement\":[{\"@type\":\"ListItem\",\"position\":1,\"name\":\"Home\",\"item\":\"https:\/\/reussprivate.li\/\"},{\"@type\":\"ListItem\",\"position\":2,\"name\":\"Datenschutz Einverst\u00e4ndniserkl\u00e4rung\"}]},{\"@type\":\"WebSite\",\"@id\":\"https:\/\/reussprivate.li\/#website\",\"url\":\"https:\/\/reussprivate.li\/\",\"name\":\"Reuss Private Access AG\",\"description\":\"Grenzenlos.Individuell.ReussPrivateAccess\",\"potentialAction\":[{\"@type\":\"SearchAction\",\"target\":{\"@type\":\"EntryPoint\",\"urlTemplate\":\"https:\/\/reussprivate.li\/?s={search_term_string}\"},\"query-input\":{\"@type\":\"PropertyValueSpecification\",\"valueRequired\":true,\"valueName\":\"search_term_string\"}}],\"inLanguage\":\"en-GB\"}]}<\/script>\n<!-- \/ Yoast SEO plugin. -->","yoast_head_json":{"title":"Datenschutz Einverst\u00e4ndniserkl\u00e4rung - Reuss Private Access AG","description":"Das Impressum der Reuss Private Access AG, sowie unsere rechtlichen Hinweise","robots":{"index":"index","follow":"follow","max-snippet":"max-snippet:-1","max-image-preview":"max-image-preview:large","max-video-preview":"max-video-preview:-1"},"canonical":"https:\/\/reussprivate.li\/en_en\/datenschutz-einverstaendniserklaerung\/","og_locale":"en_GB","og_type":"article","og_title":"Datenschutz Einverst\u00e4ndniserkl\u00e4rung - Reuss Private Access AG","og_description":"Das Impressum der Reuss Private Access AG, sowie unsere rechtlichen Hinweise","og_url":"https:\/\/reussprivate.li\/en_en\/datenschutz-einverstaendniserklaerung\/","og_site_name":"Reuss Private Access AG","article_modified_time":"2025-05-28T12:24:55+00:00","og_image":[{"width":1280,"height":720,"url":"https:\/\/reussprivate.li\/wp-content\/uploads\/2022\/05\/og-rpaccess.png","type":"image\/png"}],"twitter_card":"summary_large_image","twitter_misc":{"Estimated reading time":"7 minutes"},"schema":{"@context":"https:\/\/schema.org","@graph":[{"@type":"WebPage","@id":"https:\/\/reussprivate.li\/datenschutz-einverstaendniserklaerung\/","url":"https:\/\/reussprivate.li\/datenschutz-einverstaendniserklaerung\/","name":"Datenschutz Einverst\u00e4ndniserkl\u00e4rung - Reuss Private Access AG","isPartOf":{"@id":"https:\/\/reussprivate.li\/#website"},"datePublished":"2025-04-22T10:40:36+00:00","dateModified":"2025-05-28T12:24:55+00:00","description":"Das Impressum der Reuss Private Access AG, sowie unsere rechtlichen Hinweise","breadcrumb":{"@id":"https:\/\/reussprivate.li\/datenschutz-einverstaendniserklaerung\/#breadcrumb"},"inLanguage":"en-GB","potentialAction":[{"@type":"ReadAction","target":["https:\/\/reussprivate.li\/datenschutz-einverstaendniserklaerung\/"]}]},{"@type":"BreadcrumbList","@id":"https:\/\/reussprivate.li\/datenschutz-einverstaendniserklaerung\/#breadcrumb","itemListElement":[{"@type":"ListItem","position":1,"name":"Home","item":"https:\/\/reussprivate.li\/"},{"@type":"ListItem","position":2,"name":"Datenschutz Einverst\u00e4ndniserkl\u00e4rung"}]},{"@type":"WebSite","@id":"https:\/\/reussprivate.li\/#website","url":"https:\/\/reussprivate.li\/","name":"Reuss Private Access AG","description":"Grenzenlos.Individuell.ReussPrivateAccess","potentialAction":[{"@type":"SearchAction","target":{"@type":"EntryPoint","urlTemplate":"https:\/\/reussprivate.li\/?s={search_term_string}"},"query-input":{"@type":"PropertyValueSpecification","valueRequired":true,"valueName":"search_term_string"}}],"inLanguage":"en-GB"}]}},"distributor_meta":false,"distributor_terms":false,"distributor_media":false,"distributor_original_site_name":"Reuss Private Access AG","distributor_original_site_url":"https:\/\/reussprivate.li\/en_en","push-errors":false,"_links":{"self":[{"href":"https:\/\/reussprivate.li\/en_en\/wp-json\/wp\/v2\/pages\/3720","targetHints":{"allow":["GET"]}}],"collection":[{"href":"https:\/\/reussprivate.li\/en_en\/wp-json\/wp\/v2\/pages"}],"about":[{"href":"https:\/\/reussprivate.li\/en_en\/wp-json\/wp\/v2\/types\/page"}],"author":[{"embeddable":true,"href":"https:\/\/reussprivate.li\/en_en\/wp-json\/wp\/v2\/users\/14"}],"replies":[{"embeddable":true,"href":"https:\/\/reussprivate.li\/en_en\/wp-json\/wp\/v2\/comments?post=3720"}],"version-history":[{"count":8,"href":"https:\/\/reussprivate.li\/en_en\/wp-json\/wp\/v2\/pages\/3720\/revisions"}],"predecessor-version":[{"id":4206,"href":"https:\/\/reussprivate.li\/en_en\/wp-json\/wp\/v2\/pages\/3720\/revisions\/4206"}],"wp:attachment":[{"href":"https:\/\/reussprivate.li\/en_en\/wp-json\/wp\/v2\/media?parent=3720"}],"curies":[{"name":"wp","href":"https:\/\/api.w.org\/{rel}","templated":true}]}}