{"id":3749,"date":"2025-04-23T07:44:03","date_gmt":"2025-04-23T05:44:03","guid":{"rendered":"https:\/\/reussprivate.li\/?page_id=3749"},"modified":"2025-05-06T15:54:07","modified_gmt":"2025-05-06T13:54:07","slug":"otherservices","status":"publish","type":"page","link":"https:\/\/reussprivate.li\/en_en\/otherservices\/","title":{"rendered":"Other Services"},"content":{"rendered":"<p><?php\n\/**\n * Title: About page\n * Slug: lemmony\/pages-about\n * Categories: lemmony-pages\n *\/\n?><\/p>\n\n\n<div class=\"wp-block-cover alignfull lemmony-parallax\" style=\"padding-top:var(--wp--preset--spacing--70);padding-right:0;padding-bottom:var(--wp--preset--spacing--70);padding-left:0;min-height:30vw;aspect-ratio:unset;\"><span aria-hidden=\"true\" class=\"wp-block-cover__background has-primary-background-color has-background-dim-0 has-background-dim\"><\/span><img loading=\"lazy\" decoding=\"async\" width=\"1920\" height=\"1438\" class=\"wp-block-cover__image-background wp-image-3390\" alt=\"\" src=\"https:\/\/reussprivate.li\/wp-content\/uploads\/2025\/04\/business-8256834_1920.jpg\" data-object-fit=\"cover\" srcset=\"https:\/\/reussprivate.li\/wp-content\/uploads\/2025\/04\/business-8256834_1920.jpg 1920w, https:\/\/reussprivate.li\/wp-content\/uploads\/2025\/04\/business-8256834_1920-300x225.jpg 300w, https:\/\/reussprivate.li\/wp-content\/uploads\/2025\/04\/business-8256834_1920-1024x767.jpg 1024w, https:\/\/reussprivate.li\/wp-content\/uploads\/2025\/04\/business-8256834_1920-768x575.jpg 768w, https:\/\/reussprivate.li\/wp-content\/uploads\/2025\/04\/business-8256834_1920-1536x1150.jpg 1536w\" sizes=\"auto, (max-width: 1920px) 100vw, 1920px\" \/><div class=\"wp-block-cover__inner-container is-layout-flow wp-block-cover-is-layout-flow\">\n<div class=\"wp-block-group has-global-padding is-layout-constrained wp-container-core-group-is-layout-c19476fc wp-block-group-is-layout-constrained\">\n<h1 class=\"wp-block-heading has-text-align-center has-huge-plus-font-size lemmony-animation\" style=\"--lemmony-animation-name:lemmonyFadeInUp\">Other Services<\/h1>\n\n\n\n<p class=\"has-text-align-center has-medium-font-size lemmony-animation\" style=\"--lemmony-animation-name:lemmonyFadeInUp;animation-delay:var(--lemmony-delay-xsmall)\"><\/p>\n<\/div>\n<\/div><\/div>\n\n\n\n<div class=\"wp-block-group alignwide has-global-padding is-layout-constrained wp-block-group-is-layout-constrained\" style=\"margin-top:0;margin-bottom:0\">\n<div style=\"height:100px\" aria-hidden=\"true\" class=\"wp-block-spacer\"><\/div>\n<\/div>\n\n\n\n<div class=\"wp-block-columns alignfull are-vertically-aligned-center is-not-stacked-on-mobile has-xsmall-font-size is-layout-flex wp-container-core-columns-is-layout-2e6ea040 wp-block-columns-is-layout-flex\" style=\"margin-top:0;margin-bottom:0;padding-top:0;padding-right:0;padding-bottom:var(--wp--preset--spacing--70);padding-left:0\">\n<div class=\"wp-block-column is-vertically-aligned-center is-layout-flow wp-block-column-is-layout-flow\" style=\"padding-top:0;padding-right:0;padding-bottom:0;padding-left:0;flex-basis:48%\">\n<hr class=\"wp-block-separator has-alpha-channel-opacity is-style-wide\"\/>\n<\/div>\n\n\n\n<div class=\"wp-block-column is-vertically-aligned-center is-layout-flow wp-block-column-is-layout-flow\" style=\"padding-top:0;padding-right:0;padding-bottom:0;padding-left:0;flex-basis:320px\">\n<p class=\"has-text-align-center has-tiny-plus-font-size\" style=\"font-style:normal;font-weight:600\">100+ Partners Worldwide<\/p>\n<\/div>\n\n\n\n<div class=\"wp-block-column is-vertically-aligned-center is-layout-flow wp-block-column-is-layout-flow\" style=\"padding-top:0;padding-right:0;padding-bottom:0;padding-left:0;flex-basis:48%\">\n<hr class=\"wp-block-separator has-alpha-channel-opacity is-style-wide\"\/>\n<\/div>\n<\/div>\n\n\n\n<h2 class=\"wp-block-heading has-text-align-center has-huge-font-size\" style=\"font-style:normal;font-weight:300\">Maximum efficiency. Optimized solutions!<\/h2>\n\n\n\n<div style=\"height:100px\" aria-hidden=\"true\" class=\"wp-block-spacer\"><\/div>\n\n\n\n<div class=\"wp-block-group alignwide is-layout-flow wp-container-core-group-is-layout-2ca28dcc wp-block-group-is-layout-flow\" style=\"margin-top:0;margin-bottom:0;padding-top:0;padding-bottom:128px\">\n<div class=\"wp-block-group alignwide has-global-padding is-layout-constrained wp-container-core-group-is-layout-9bcb33e3 wp-block-group-is-layout-constrained\" style=\"padding-top:var(--wp--preset--spacing--70);padding-bottom:var(--wp--preset--spacing--70)\">\n<div class=\"wp-block-group alignwide has-global-padding is-layout-constrained wp-container-core-group-is-layout-cb7db7bf wp-block-group-is-layout-constrained\" style=\"padding-top:0;padding-right:0px;padding-bottom:var(--wp--preset--spacing--60);padding-left:0px\">\n<h1 class=\"wp-block-heading has-text-align-center lemmony-animation lemmonyFadeInUp has-large-plus-font-size lemmony-animation\" style=\"margin-top:0;line-height:1.3;--lemmony-animation-name:lemmonyFadeInUp\">Other Services<\/h1>\n<\/div>\n\n\n\n<div class=\"wp-block-columns alignwide is-layout-flex wp-container-core-columns-is-layout-ceb339ea wp-block-columns-is-layout-flex\" style=\"padding-top:var(--wp--preset--spacing--60)\">\n<div class=\"wp-block-column is-layout-flow wp-block-column-is-layout-flow\">\n<div class=\"wp-block-columns is-layout-flex wp-container-core-columns-is-layout-28232c24 wp-block-columns-is-layout-flex\">\n<div class=\"wp-block-column is-layout-flow wp-block-column-is-layout-flow\" style=\"flex-basis:5%\"><\/div>\n\n\n\n<div class=\"wp-block-column is-layout-flow wp-block-column-is-layout-flow\">\n<div class=\"wp-block-group lemmony-fadein-bottom lemmony-delay-1 has-global-padding is-layout-constrained wp-container-core-group-is-layout-85ea6b59 wp-block-group-is-layout-constrained\" style=\"padding-top:0;padding-right:0;padding-bottom:0;padding-left:0\">\n<div class=\"wp-block-lemmony-companion-icon aligncenter lemmony-animation lemmonyFadeInDown lemmony-animation\" style=\"font-size:clamp(27.894px, 1.743rem + ((1vw - 3.2px) * 1.571), 48px);--lemmony-animation-name:lemmonyFadeInDown\"><div class=\"lemmony-icon-wrapper\"><svg xmlns=\"http:\/\/www.w3.org\/2000\/svg\" viewbox=\"0 0 32 32\" data-reactroot=\"\"><polygon points=\"21.418,24.789 20.004,23.375 26.379,17 1.793,17 1.793,15 26.379,15 20.004,8.625 21.418,7.211 30.207,16 \"><\/polygon><\/svg><\/div><\/div>\n\n\n\n<h2 class=\"wp-block-heading has-text-align-center has-small-plus-font-size\" style=\"font-style:normal;font-weight:700;line-height:1.4\"><strong><strong>Distribution Administration<\/strong><\/strong><\/h2>\n\n\n\n<p class=\"has-text-align-center has-tiny-plus-font-size\">Delegation of support functions in fund distribution \u2013 with a focus on cross-border activities.<\/p>\n<\/div>\n<\/div>\n\n\n\n<div class=\"wp-block-column is-layout-flow wp-block-column-is-layout-flow\" style=\"flex-basis:5%\"><\/div>\n<\/div>\n<\/div>\n\n\n\n<div class=\"wp-block-column is-layout-flow wp-block-column-is-layout-flow\">\n<div class=\"wp-block-columns is-layout-flex wp-container-core-columns-is-layout-28232c24 wp-block-columns-is-layout-flex\">\n<div class=\"wp-block-column is-layout-flow wp-block-column-is-layout-flow\" style=\"flex-basis:5%\"><\/div>\n\n\n\n<div class=\"wp-block-column is-layout-flow wp-block-column-is-layout-flow\">\n<div class=\"wp-block-group lemmony-fadein-bottom lemmony-delay-1 has-global-padding is-layout-constrained wp-container-core-group-is-layout-85ea6b59 wp-block-group-is-layout-constrained\" style=\"padding-top:0;padding-right:0;padding-bottom:0;padding-left:0\">\n<div class=\"wp-block-lemmony-companion-icon aligncenter lemmony-animation lemmonyFadeInDown lemmony-animation\" style=\"font-size:clamp(27.894px, 1.743rem + ((1vw - 3.2px) * 1.571), 48px);--lemmony-animation-name:lemmonyFadeInDown;animation-delay:var(--lemmony-delay-small)\"><div class=\"lemmony-icon-wrapper\"><svg xmlns=\"http:\/\/www.w3.org\/2000\/svg\" viewbox=\"0 0 32 32\" data-reactroot=\"\"><polygon points=\"21.418,24.789 20.004,23.375 26.379,17 1.793,17 1.793,15 26.379,15 20.004,8.625 21.418,7.211 30.207,16 \"><\/polygon><\/svg><\/div><\/div>\n\n\n\n<h2 class=\"wp-block-heading has-text-align-center has-small-plus-font-size\" style=\"font-style:normal;font-weight:700;line-height:1.4\"><strong><strong>Global Distributor<\/strong><\/strong><\/h2>\n\n\n\n<p class=\"has-text-align-center has-tiny-plus-font-size\">We take on the role of distribution agent for your fund \u2013 managing contracts and ensuring full oversight of distribution activities.<\/p>\n<\/div>\n<\/div>\n\n\n\n<div class=\"wp-block-column is-layout-flow wp-block-column-is-layout-flow\" style=\"flex-basis:5%\"><\/div>\n<\/div>\n<\/div>\n<\/div>\n\n\n\n<div class=\"wp-block-columns alignwide is-layout-flex wp-container-core-columns-is-layout-ceb339ea wp-block-columns-is-layout-flex\" style=\"padding-top:var(--wp--preset--spacing--60)\">\n<div class=\"wp-block-column is-layout-flow wp-block-column-is-layout-flow\">\n<div class=\"wp-block-columns is-layout-flex wp-container-core-columns-is-layout-28232c24 wp-block-columns-is-layout-flex\">\n<div class=\"wp-block-column is-layout-flow wp-block-column-is-layout-flow\" style=\"flex-basis:5%\"><\/div>\n\n\n\n<div class=\"wp-block-column is-layout-flow wp-block-column-is-layout-flow\">\n<div class=\"wp-block-group lemmony-fadein-bottom lemmony-delay-1 has-global-padding is-layout-constrained wp-container-core-group-is-layout-85ea6b59 wp-block-group-is-layout-constrained\" style=\"padding-top:0;padding-right:0;padding-bottom:0;padding-left:0\">\n<div class=\"wp-block-lemmony-companion-icon aligncenter lemmony-animation lemmonyFadeInDown lemmony-animation\" style=\"font-size:clamp(27.894px, 1.743rem + ((1vw - 3.2px) * 1.571), 48px);--lemmony-animation-name:lemmonyFadeInDown\"><div class=\"lemmony-icon-wrapper\"><svg xmlns=\"http:\/\/www.w3.org\/2000\/svg\" viewbox=\"0 0 32 32\" data-reactroot=\"\"><polygon points=\"21.418,24.789 20.004,23.375 26.379,17 1.793,17 1.793,15 26.379,15 20.004,8.625 21.418,7.211 30.207,16 \"><\/polygon><\/svg><\/div><\/div>\n\n\n\n<h2 class=\"wp-block-heading has-text-align-center has-small-plus-font-size\" style=\"font-style:normal;font-weight:700;line-height:1.4\"><strong><strong><strong>Substance Provision<\/strong><\/strong><\/strong> (upon request)<\/h2>\n\n\n\n<p class=\"has-text-align-center has-tiny-plus-font-size\">External provision of substance for your company\u2019s compliance and risk management functions.<\/p>\n<\/div>\n<\/div>\n\n\n\n<div class=\"wp-block-column is-layout-flow wp-block-column-is-layout-flow\" style=\"flex-basis:5%\"><\/div>\n<\/div>\n<\/div>\n\n\n\n<div class=\"wp-block-column is-layout-flow wp-block-column-is-layout-flow\">\n<div class=\"wp-block-columns is-layout-flex wp-container-core-columns-is-layout-28232c24 wp-block-columns-is-layout-flex\">\n<div class=\"wp-block-column is-layout-flow wp-block-column-is-layout-flow\" style=\"flex-basis:5%\"><\/div>\n\n\n\n<div class=\"wp-block-column is-layout-flow wp-block-column-is-layout-flow\">\n<div class=\"wp-block-group lemmony-fadein-bottom lemmony-delay-1 has-global-padding is-layout-constrained wp-container-core-group-is-layout-85ea6b59 wp-block-group-is-layout-constrained\" style=\"padding-top:0;padding-right:0;padding-bottom:0;padding-left:0\">\n<div class=\"wp-block-lemmony-companion-icon aligncenter lemmony-animation lemmonyFadeInDown lemmony-animation\" style=\"font-size:clamp(27.894px, 1.743rem + ((1vw - 3.2px) * 1.571), 48px);--lemmony-animation-name:lemmonyFadeInDown;animation-delay:var(--lemmony-delay-small)\"><div class=\"lemmony-icon-wrapper\"><svg xmlns=\"http:\/\/www.w3.org\/2000\/svg\" viewbox=\"0 0 32 32\" data-reactroot=\"\"><polygon points=\"21.418,24.789 20.004,23.375 26.379,17 1.793,17 1.793,15 26.379,15 20.004,8.625 21.418,7.211 30.207,16 \"><\/polygon><\/svg><\/div><\/div>\n\n\n\n<h2 class=\"wp-block-heading has-text-align-center has-small-plus-font-size\" style=\"font-style:normal;font-weight:700;line-height:1.4\"><strong><strong><strong>Regulatory Licensing Support<\/strong><\/strong><\/strong><\/h2>\n\n\n\n<p class=\"has-text-align-center has-tiny-plus-font-size\">We provide guidance and hands-on support in securing the necessary financial market licenses for your business.<\/p>\n<\/div>\n<\/div>\n\n\n\n<div class=\"wp-block-column is-layout-flow wp-block-column-is-layout-flow\" style=\"flex-basis:5%\"><\/div>\n<\/div>\n<\/div>\n<\/div>\n\n\n\n<div class=\"wp-block-columns alignwide is-layout-flex wp-container-core-columns-is-layout-ceb339ea wp-block-columns-is-layout-flex\" style=\"padding-top:var(--wp--preset--spacing--60)\">\n<div class=\"wp-block-column is-layout-flow wp-block-column-is-layout-flow\">\n<div class=\"wp-block-columns is-layout-flex wp-container-core-columns-is-layout-28232c24 wp-block-columns-is-layout-flex\">\n<div class=\"wp-block-column is-layout-flow wp-block-column-is-layout-flow\" style=\"flex-basis:5%\"><\/div>\n\n\n\n<div class=\"wp-block-column is-layout-flow wp-block-column-is-layout-flow\">\n<div class=\"wp-block-group lemmony-fadein-bottom lemmony-delay-1 has-global-padding is-layout-constrained wp-container-core-group-is-layout-85ea6b59 wp-block-group-is-layout-constrained\" style=\"padding-top:0;padding-right:0;padding-bottom:0;padding-left:0\">\n<div class=\"wp-block-lemmony-companion-icon aligncenter lemmony-animation lemmonyFadeInDown lemmony-animation\" style=\"font-size:clamp(27.894px, 1.743rem + ((1vw - 3.2px) * 1.571), 48px);--lemmony-animation-name:lemmonyFadeInDown\"><div class=\"lemmony-icon-wrapper\"><svg xmlns=\"http:\/\/www.w3.org\/2000\/svg\" viewbox=\"0 0 32 32\" data-reactroot=\"\"><polygon points=\"21.418,24.789 20.004,23.375 26.379,17 1.793,17 1.793,15 26.379,15 20.004,8.625 21.418,7.211 30.207,16 \"><\/polygon><\/svg><\/div><\/div>\n\n\n\n<h2 class=\"wp-block-heading has-text-align-center has-small-plus-font-size\" style=\"font-style:normal;font-weight:700;line-height:1.4\"><strong><strong><strong><strong>Cross-Border Solutions for Asset Managers<\/strong><\/strong><\/strong><\/strong><\/h2>\n\n\n\n<p class=\"has-text-align-center has-tiny-plus-font-size\">Helping you expand your reach \u2013 from distribution to client onboarding across borders.<\/p>\n<\/div>\n<\/div>\n\n\n\n<div class=\"wp-block-column is-layout-flow wp-block-column-is-layout-flow\" style=\"flex-basis:5%\"><\/div>\n<\/div>\n<\/div>\n\n\n\n<div class=\"wp-block-column is-layout-flow wp-block-column-is-layout-flow\">\n<div class=\"wp-block-columns is-layout-flex wp-container-core-columns-is-layout-28232c24 wp-block-columns-is-layout-flex\">\n<div class=\"wp-block-column is-layout-flow wp-block-column-is-layout-flow\" style=\"flex-basis:5%\"><\/div>\n\n\n\n<div class=\"wp-block-column is-layout-flow wp-block-column-is-layout-flow\">\n<div class=\"wp-block-group lemmony-fadein-bottom lemmony-delay-1 has-global-padding is-layout-constrained wp-container-core-group-is-layout-85ea6b59 wp-block-group-is-layout-constrained\" style=\"padding-top:0;padding-right:0;padding-bottom:0;padding-left:0\">\n<div class=\"wp-block-lemmony-companion-icon aligncenter lemmony-animation lemmonyFadeInDown lemmony-animation\" style=\"font-size:clamp(27.894px, 1.743rem + ((1vw - 3.2px) * 1.571), 48px);--lemmony-animation-name:lemmonyFadeInDown;animation-delay:var(--lemmony-delay-small)\"><div class=\"lemmony-icon-wrapper\"><svg xmlns=\"http:\/\/www.w3.org\/2000\/svg\" viewbox=\"0 0 32 32\" data-reactroot=\"\"><polygon points=\"21.418,24.789 20.004,23.375 26.379,17 1.793,17 1.793,15 26.379,15 20.004,8.625 21.418,7.211 30.207,16 \"><\/polygon><\/svg><\/div><\/div>\n\n\n\n<h2 class=\"wp-block-heading has-text-align-center has-small-plus-font-size\" style=\"font-style:normal;font-weight:700;line-height:1.4\"><strong><strong><strong><strong>Consulting<\/strong><\/strong><\/strong><\/strong><\/h2>\n\n\n\n<p class=\"has-text-align-center has-tiny-plus-font-size\">Individualized strategy consulting for cross-border fund marketing and distribution.<\/p>\n<\/div>\n<\/div>\n\n\n\n<div class=\"wp-block-column is-layout-flow wp-block-column-is-layout-flow\" style=\"flex-basis:5%\"><\/div>\n<\/div>\n<\/div>\n<\/div>\n<\/div>\n<\/div>","protected":false},"excerpt":{"rendered":"<p>100+ Partners Worldwide Maximale Effizienz. Optimierte L\u00f6sungen! Other Services Vertriebsadministration \u00dcbertragung von Vertriebsunterst\u00fctzenden Funktionen vorrangig im Cross-Border Bereich. Globaler Distributor \u00dcbernahme der Vertriebsstellenfunktion f\u00fcr Fonds, Vertragsmanagement und Vertriebs\u00fcberwachung. Substanz (auf Anfrage) Auslagerung von Substanz f\u00fcr Compliance &amp; Risk Management f\u00fcr Ihr Unternehmen. Bewilligungsbegleitung Unterst\u00fctzung und Beratung in der Erlangung finanzmarktrechtlicher Bewilligungen. L\u00f6sungen f\u00fcr Verm\u00f6gensverwalter L\u00f6sungen [&hellip;]<\/p>\n","protected":false},"author":14,"featured_media":0,"parent":0,"menu_order":5,"comment_status":"closed","ping_status":"closed","template":"page-without-title","meta":{"_acf_changed":false,"footnotes":""},"class_list":["post-3749","page","type-page","status-publish","hentry"],"acf":[],"yoast_head":"<!-- This site is optimized with the Yoast SEO plugin v26.7 - https:\/\/yoast.com\/wordpress\/plugins\/seo\/ -->\n<title>Other Services - Reuss Private Access AG<\/title>\n<meta name=\"robots\" content=\"index, follow, max-snippet:-1, max-image-preview:large, max-video-preview:-1\" \/>\n<link rel=\"canonical\" href=\"https:\/\/reussprivate.li\/en_en\/otherservices\/\" \/>\n<meta property=\"og:locale\" content=\"en_GB\" \/>\n<meta property=\"og:type\" content=\"article\" \/>\n<meta property=\"og:title\" content=\"Other Services - Reuss Private Access AG\" \/>\n<meta property=\"og:description\" content=\"100+ Partners Worldwide Maximale Effizienz. Optimierte L\u00f6sungen! Other Services Vertriebsadministration \u00dcbertragung von Vertriebsunterst\u00fctzenden Funktionen vorrangig im Cross-Border Bereich. Globaler Distributor \u00dcbernahme der Vertriebsstellenfunktion f\u00fcr Fonds, Vertragsmanagement und Vertriebs\u00fcberwachung. Substanz (auf Anfrage) Auslagerung von Substanz f\u00fcr Compliance &amp; Risk Management f\u00fcr Ihr Unternehmen. Bewilligungsbegleitung Unterst\u00fctzung und Beratung in der Erlangung finanzmarktrechtlicher Bewilligungen. L\u00f6sungen f\u00fcr Verm\u00f6gensverwalter L\u00f6sungen [&hellip;]\" \/>\n<meta property=\"og:url\" content=\"https:\/\/reussprivate.li\/en_en\/otherservices\/\" \/>\n<meta property=\"og:site_name\" content=\"Reuss Private Access AG\" \/>\n<meta property=\"article:modified_time\" content=\"2025-05-06T13:54:07+00:00\" \/>\n<meta property=\"og:image\" content=\"https:\/\/reussprivate.li\/wp-content\/uploads\/2025\/04\/business-8256834_1920.jpg\" \/>\n\t<meta property=\"og:image:width\" content=\"1920\" \/>\n\t<meta property=\"og:image:height\" content=\"1438\" \/>\n\t<meta property=\"og:image:type\" content=\"image\/jpeg\" \/>\n<meta name=\"twitter:card\" content=\"summary_large_image\" \/>\n<meta name=\"twitter:label1\" content=\"Estimated reading time\" \/>\n\t<meta name=\"twitter:data1\" content=\"1 minute\" \/>\n<script type=\"application\/ld+json\" class=\"yoast-schema-graph\">{\"@context\":\"https:\/\/schema.org\",\"@graph\":[{\"@type\":\"WebPage\",\"@id\":\"https:\/\/reussprivate.li\/otherservices\/\",\"url\":\"https:\/\/reussprivate.li\/otherservices\/\",\"name\":\"Other Services - Reuss Private Access AG\",\"isPartOf\":{\"@id\":\"https:\/\/reussprivate.li\/#website\"},\"primaryImageOfPage\":{\"@id\":\"https:\/\/reussprivate.li\/otherservices\/#primaryimage\"},\"image\":{\"@id\":\"https:\/\/reussprivate.li\/otherservices\/#primaryimage\"},\"thumbnailUrl\":\"https:\/\/reussprivate.li\/wp-content\/uploads\/2025\/04\/business-8256834_1920.jpg\",\"datePublished\":\"2025-04-23T05:44:03+00:00\",\"dateModified\":\"2025-05-06T13:54:07+00:00\",\"breadcrumb\":{\"@id\":\"https:\/\/reussprivate.li\/otherservices\/#breadcrumb\"},\"inLanguage\":\"en-GB\",\"potentialAction\":[{\"@type\":\"ReadAction\",\"target\":[\"https:\/\/reussprivate.li\/otherservices\/\"]}]},{\"@type\":\"ImageObject\",\"inLanguage\":\"en-GB\",\"@id\":\"https:\/\/reussprivate.li\/otherservices\/#primaryimage\",\"url\":\"https:\/\/reussprivate.li\/wp-content\/uploads\/2025\/04\/business-8256834_1920.jpg\",\"contentUrl\":\"https:\/\/reussprivate.li\/wp-content\/uploads\/2025\/04\/business-8256834_1920.jpg\"},{\"@type\":\"BreadcrumbList\",\"@id\":\"https:\/\/reussprivate.li\/otherservices\/#breadcrumb\",\"itemListElement\":[{\"@type\":\"ListItem\",\"position\":1,\"name\":\"Home\",\"item\":\"https:\/\/reussprivate.li\/\"},{\"@type\":\"ListItem\",\"position\":2,\"name\":\"Other Services\"}]},{\"@type\":\"WebSite\",\"@id\":\"https:\/\/reussprivate.li\/#website\",\"url\":\"https:\/\/reussprivate.li\/\",\"name\":\"Reuss Private Access AG\",\"description\":\"Grenzenlos.Individuell.ReussPrivateAccess\",\"potentialAction\":[{\"@type\":\"SearchAction\",\"target\":{\"@type\":\"EntryPoint\",\"urlTemplate\":\"https:\/\/reussprivate.li\/?s={search_term_string}\"},\"query-input\":{\"@type\":\"PropertyValueSpecification\",\"valueRequired\":true,\"valueName\":\"search_term_string\"}}],\"inLanguage\":\"en-GB\"}]}<\/script>\n<!-- \/ Yoast SEO plugin. -->","yoast_head_json":{"title":"Other Services - Reuss Private Access AG","robots":{"index":"index","follow":"follow","max-snippet":"max-snippet:-1","max-image-preview":"max-image-preview:large","max-video-preview":"max-video-preview:-1"},"canonical":"https:\/\/reussprivate.li\/en_en\/otherservices\/","og_locale":"en_GB","og_type":"article","og_title":"Other Services - Reuss Private Access AG","og_description":"100+ Partners Worldwide Maximale Effizienz. Optimierte L\u00f6sungen! Other Services Vertriebsadministration \u00dcbertragung von Vertriebsunterst\u00fctzenden Funktionen vorrangig im Cross-Border Bereich. Globaler Distributor \u00dcbernahme der Vertriebsstellenfunktion f\u00fcr Fonds, Vertragsmanagement und Vertriebs\u00fcberwachung. Substanz (auf Anfrage) Auslagerung von Substanz f\u00fcr Compliance &amp; Risk Management f\u00fcr Ihr Unternehmen. Bewilligungsbegleitung Unterst\u00fctzung und Beratung in der Erlangung finanzmarktrechtlicher Bewilligungen. L\u00f6sungen f\u00fcr Verm\u00f6gensverwalter L\u00f6sungen [&hellip;]","og_url":"https:\/\/reussprivate.li\/en_en\/otherservices\/","og_site_name":"Reuss Private Access AG","article_modified_time":"2025-05-06T13:54:07+00:00","og_image":[{"width":1920,"height":1438,"url":"https:\/\/reussprivate.li\/wp-content\/uploads\/2025\/04\/business-8256834_1920.jpg","type":"image\/jpeg"}],"twitter_card":"summary_large_image","twitter_misc":{"Estimated reading time":"1 minute"},"schema":{"@context":"https:\/\/schema.org","@graph":[{"@type":"WebPage","@id":"https:\/\/reussprivate.li\/otherservices\/","url":"https:\/\/reussprivate.li\/otherservices\/","name":"Other Services - Reuss Private Access AG","isPartOf":{"@id":"https:\/\/reussprivate.li\/#website"},"primaryImageOfPage":{"@id":"https:\/\/reussprivate.li\/otherservices\/#primaryimage"},"image":{"@id":"https:\/\/reussprivate.li\/otherservices\/#primaryimage"},"thumbnailUrl":"https:\/\/reussprivate.li\/wp-content\/uploads\/2025\/04\/business-8256834_1920.jpg","datePublished":"2025-04-23T05:44:03+00:00","dateModified":"2025-05-06T13:54:07+00:00","breadcrumb":{"@id":"https:\/\/reussprivate.li\/otherservices\/#breadcrumb"},"inLanguage":"en-GB","potentialAction":[{"@type":"ReadAction","target":["https:\/\/reussprivate.li\/otherservices\/"]}]},{"@type":"ImageObject","inLanguage":"en-GB","@id":"https:\/\/reussprivate.li\/otherservices\/#primaryimage","url":"https:\/\/reussprivate.li\/wp-content\/uploads\/2025\/04\/business-8256834_1920.jpg","contentUrl":"https:\/\/reussprivate.li\/wp-content\/uploads\/2025\/04\/business-8256834_1920.jpg"},{"@type":"BreadcrumbList","@id":"https:\/\/reussprivate.li\/otherservices\/#breadcrumb","itemListElement":[{"@type":"ListItem","position":1,"name":"Home","item":"https:\/\/reussprivate.li\/"},{"@type":"ListItem","position":2,"name":"Other Services"}]},{"@type":"WebSite","@id":"https:\/\/reussprivate.li\/#website","url":"https:\/\/reussprivate.li\/","name":"Reuss Private Access AG","description":"Grenzenlos.Individuell.ReussPrivateAccess","potentialAction":[{"@type":"SearchAction","target":{"@type":"EntryPoint","urlTemplate":"https:\/\/reussprivate.li\/?s={search_term_string}"},"query-input":{"@type":"PropertyValueSpecification","valueRequired":true,"valueName":"search_term_string"}}],"inLanguage":"en-GB"}]}},"distributor_meta":false,"distributor_terms":false,"distributor_media":false,"distributor_original_site_name":"Reuss Private Access AG","distributor_original_site_url":"https:\/\/reussprivate.li\/en_en","push-errors":false,"_links":{"self":[{"href":"https:\/\/reussprivate.li\/en_en\/wp-json\/wp\/v2\/pages\/3749","targetHints":{"allow":["GET"]}}],"collection":[{"href":"https:\/\/reussprivate.li\/en_en\/wp-json\/wp\/v2\/pages"}],"about":[{"href":"https:\/\/reussprivate.li\/en_en\/wp-json\/wp\/v2\/types\/page"}],"author":[{"embeddable":true,"href":"https:\/\/reussprivate.li\/en_en\/wp-json\/wp\/v2\/users\/14"}],"replies":[{"embeddable":true,"href":"https:\/\/reussprivate.li\/en_en\/wp-json\/wp\/v2\/comments?post=3749"}],"version-history":[{"count":24,"href":"https:\/\/reussprivate.li\/en_en\/wp-json\/wp\/v2\/pages\/3749\/revisions"}],"predecessor-version":[{"id":4017,"href":"https:\/\/reussprivate.li\/en_en\/wp-json\/wp\/v2\/pages\/3749\/revisions\/4017"}],"wp:attachment":[{"href":"https:\/\/reussprivate.li\/en_en\/wp-json\/wp\/v2\/media?parent=3749"}],"curies":[{"name":"wp","href":"https:\/\/api.w.org\/{rel}","templated":true}]}}