{"id":4091,"date":"2025-05-08T10:47:59","date_gmt":"2025-05-08T08:47:59","guid":{"rendered":"https:\/\/reussprivate.li\/?page_id=4091"},"modified":"2025-05-14T08:17:31","modified_gmt":"2025-05-14T06:17:31","slug":"jobs_de_de","status":"publish","type":"page","link":"https:\/\/reussprivate.li\/en_en\/jobs_de_de\/","title":{"rendered":"Jobs"},"content":{"rendered":"<p><?php\n\/**\n * Title: About page\n * Slug: lemmony\/pages-about\n * Categories: lemmony-pages\n *\/\n?><\/p>\n\n\n<div class=\"wp-block-cover alignfull lemmony-parallax\" style=\"padding-top:var(--wp--preset--spacing--70);padding-right:0;padding-bottom:var(--wp--preset--spacing--70);padding-left:0;min-height:30vw;aspect-ratio:unset;\"><span aria-hidden=\"true\" class=\"wp-block-cover__background has-primary-background-color has-background-dim-0 has-background-dim\"><\/span><img loading=\"lazy\" decoding=\"async\" width=\"1920\" height=\"1438\" class=\"wp-block-cover__image-background wp-image-3390\" alt=\"\" src=\"https:\/\/reussprivate.li\/wp-content\/uploads\/2025\/04\/business-8256834_1920.jpg\" data-object-fit=\"cover\" srcset=\"https:\/\/reussprivate.li\/wp-content\/uploads\/2025\/04\/business-8256834_1920.jpg 1920w, https:\/\/reussprivate.li\/wp-content\/uploads\/2025\/04\/business-8256834_1920-300x225.jpg 300w, https:\/\/reussprivate.li\/wp-content\/uploads\/2025\/04\/business-8256834_1920-1024x767.jpg 1024w, https:\/\/reussprivate.li\/wp-content\/uploads\/2025\/04\/business-8256834_1920-768x575.jpg 768w, https:\/\/reussprivate.li\/wp-content\/uploads\/2025\/04\/business-8256834_1920-1536x1150.jpg 1536w\" sizes=\"auto, (max-width: 1920px) 100vw, 1920px\" \/><div class=\"wp-block-cover__inner-container is-layout-flow wp-block-cover-is-layout-flow\">\n<div class=\"wp-block-group has-global-padding is-layout-constrained wp-container-core-group-is-layout-c19476fc wp-block-group-is-layout-constrained\">\n<h1 class=\"wp-block-heading has-text-align-center has-huge-plus-font-size lemmony-animation\" style=\"--lemmony-animation-name:lemmonyFadeInUp\">Jobs<\/h1>\n\n\n\n<p class=\"has-text-align-center has-medium-font-size lemmony-animation\" style=\"--lemmony-animation-name:lemmonyFadeInUp;animation-delay:var(--lemmony-delay-xsmall)\"><\/p>\n<\/div>\n<\/div><\/div>\n\n\n\n<div class=\"wp-block-group alignwide has-global-padding is-layout-constrained wp-block-group-is-layout-constrained\" style=\"margin-top:0;margin-bottom:0\">\n<div style=\"height:100px\" aria-hidden=\"true\" class=\"wp-block-spacer\"><\/div>\n<\/div>\n\n\n\n<div class=\"wp-block-columns alignfull are-vertically-aligned-center is-not-stacked-on-mobile has-xsmall-font-size is-layout-flex wp-container-core-columns-is-layout-2e6ea040 wp-block-columns-is-layout-flex\" style=\"margin-top:0;margin-bottom:0;padding-top:0;padding-right:0;padding-bottom:var(--wp--preset--spacing--70);padding-left:0\">\n<div class=\"wp-block-column is-vertically-aligned-center is-layout-flow wp-block-column-is-layout-flow\" style=\"padding-top:0;padding-right:0;padding-bottom:0;padding-left:0;flex-basis:48%\">\n<hr class=\"wp-block-separator has-alpha-channel-opacity is-style-wide\"\/>\n<\/div>\n\n\n\n<div class=\"wp-block-column is-vertically-aligned-center is-layout-flow wp-block-column-is-layout-flow\" style=\"padding-top:0;padding-right:0;padding-bottom:0;padding-left:0;flex-basis:320px\">\n<p class=\"has-text-align-center has-tiny-plus-font-size\" style=\"font-style:normal;font-weight:600\">100+ Partners Worldwide<\/p>\n<\/div>\n\n\n\n<div class=\"wp-block-column is-vertically-aligned-center is-layout-flow wp-block-column-is-layout-flow\" style=\"padding-top:0;padding-right:0;padding-bottom:0;padding-left:0;flex-basis:48%\">\n<hr class=\"wp-block-separator has-alpha-channel-opacity is-style-wide\"\/>\n<\/div>\n<\/div>\n\n\n\n<h2 class=\"wp-block-heading has-text-align-center has-huge-font-size\" style=\"font-style:normal;font-weight:300\">Shape the Future \u2013 with Reuss Private Access AG<\/h2>\n\n\n\n<div style=\"height:80px\" aria-hidden=\"true\" class=\"wp-block-spacer\"><\/div>\n\n\n\n<h2 class=\"wp-block-heading has-text-align-center has-large-font-size\"><strong>Together, we shape tomorrow.<\/strong><\/h2>\n\n\n\n<div style=\"height:75px\" aria-hidden=\"true\" class=\"wp-block-spacer\"><\/div>\n\n\n\n<p class=\"has-text-color has-link-color wp-elements-aa5f85966cd1e2a84e72bb4759e34f3a\" style=\"color:#001068;font-size:clamp(18.959px, 1.185rem + ((1vw - 3.2px) * 0.863), 30px);\"><strong>Your Opportunities with Us<\/strong><\/p>\n\n\n\n<p class=\"has-text-color has-link-color wp-elements-8cb7ce967363341cd2c04abd4dbf04b1\" style=\"color:#001068;font-size:clamp(15.747px, 0.984rem + ((1vw - 3.2px) * 0.645), 24px);\">We\u2019re looking for people who take responsibility, think ahead, and want to actively shape the transformation of the financial industry. Whether you bring years of experience or are just starting your career \u2013 with us, you\u2019ll find room to grow and thrive.<\/p>\n\n\n\n<div style=\"height:75px\" aria-hidden=\"true\" class=\"wp-block-spacer\"><\/div>\n\n\n\n<div class=\"wp-block-buttons is-content-justification-center is-layout-flex wp-container-core-buttons-is-layout-a89b3969 wp-block-buttons-is-layout-flex\">\n<div class=\"wp-block-button\"><a class=\"wp-block-button__link has-background has-text-align-center wp-element-button\" href=\"mailto:info@reussprivate.li\" style=\"background-color:#001068\">Get in Touch<\/a><\/div>\n<\/div>\n\n\n\n<div style=\"height:75px\" aria-hidden=\"true\" class=\"wp-block-spacer\"><\/div>","protected":false},"excerpt":{"rendered":"<p>100+ Partners Worldwide Karriere bei Reuss Private Access AG Gestalten Sie mit uns die Zukunft. Ihre M\u00f6glichkeiten bei uns Wir suchen Menschen, die Verantwortung \u00fcbernehmen, mitdenken und den Wandel im Finanzbereich aktiv mitgestalten m\u00f6chten. Ob mit langj\u00e4hriger Erfahrung oder am Anfang Ihrer Karriere \u2013 bei uns finden Sie Raum zur Entfaltung.<\/p>","protected":false},"author":14,"featured_media":0,"parent":0,"menu_order":4,"comment_status":"closed","ping_status":"closed","template":"page-without-title","meta":{"_acf_changed":false,"footnotes":""},"class_list":["post-4091","page","type-page","status-publish","hentry"],"acf":[],"yoast_head":"<!-- This site is optimized with the Yoast SEO plugin v26.7 - https:\/\/yoast.com\/wordpress\/plugins\/seo\/ -->\n<title>Jobs - Reuss Private Access AG<\/title>\n<meta name=\"robots\" content=\"index, follow, max-snippet:-1, max-image-preview:large, max-video-preview:-1\" \/>\n<link rel=\"canonical\" href=\"https:\/\/reussprivate.li\/en_en\/jobs_de_de\/\" \/>\n<meta property=\"og:locale\" content=\"en_GB\" \/>\n<meta property=\"og:type\" content=\"article\" \/>\n<meta property=\"og:title\" content=\"Jobs - Reuss Private Access AG\" \/>\n<meta property=\"og:description\" content=\"100+ Partners Worldwide Karriere bei Reuss Private Access AG Gestalten Sie mit uns die Zukunft. Ihre M\u00f6glichkeiten bei uns Wir suchen Menschen, die Verantwortung \u00fcbernehmen, mitdenken und den Wandel im Finanzbereich aktiv mitgestalten m\u00f6chten. Ob mit langj\u00e4hriger Erfahrung oder am Anfang Ihrer Karriere \u2013 bei uns finden Sie Raum zur Entfaltung.\" \/>\n<meta property=\"og:url\" content=\"https:\/\/reussprivate.li\/en_en\/jobs_de_de\/\" \/>\n<meta property=\"og:site_name\" content=\"Reuss Private Access AG\" \/>\n<meta property=\"article:modified_time\" content=\"2025-05-14T06:17:31+00:00\" \/>\n<meta property=\"og:image\" content=\"https:\/\/reussprivate.li\/wp-content\/uploads\/2025\/04\/business-8256834_1920.jpg\" \/>\n\t<meta property=\"og:image:width\" content=\"1920\" \/>\n\t<meta property=\"og:image:height\" content=\"1438\" \/>\n\t<meta property=\"og:image:type\" content=\"image\/jpeg\" \/>\n<meta name=\"twitter:card\" content=\"summary_large_image\" \/>\n<meta name=\"twitter:label1\" content=\"Estimated reading time\" \/>\n\t<meta name=\"twitter:data1\" content=\"1 minute\" \/>\n<script type=\"application\/ld+json\" class=\"yoast-schema-graph\">{\"@context\":\"https:\/\/schema.org\",\"@graph\":[{\"@type\":\"WebPage\",\"@id\":\"https:\/\/reussprivate.li\/jobs_de_de\/\",\"url\":\"https:\/\/reussprivate.li\/jobs_de_de\/\",\"name\":\"Jobs - Reuss Private Access AG\",\"isPartOf\":{\"@id\":\"https:\/\/reussprivate.li\/#website\"},\"primaryImageOfPage\":{\"@id\":\"https:\/\/reussprivate.li\/jobs_de_de\/#primaryimage\"},\"image\":{\"@id\":\"https:\/\/reussprivate.li\/jobs_de_de\/#primaryimage\"},\"thumbnailUrl\":\"https:\/\/reussprivate.li\/wp-content\/uploads\/2025\/04\/business-8256834_1920.jpg\",\"datePublished\":\"2025-05-08T08:47:59+00:00\",\"dateModified\":\"2025-05-14T06:17:31+00:00\",\"breadcrumb\":{\"@id\":\"https:\/\/reussprivate.li\/jobs_de_de\/#breadcrumb\"},\"inLanguage\":\"en-GB\",\"potentialAction\":[{\"@type\":\"ReadAction\",\"target\":[\"https:\/\/reussprivate.li\/jobs_de_de\/\"]}]},{\"@type\":\"ImageObject\",\"inLanguage\":\"en-GB\",\"@id\":\"https:\/\/reussprivate.li\/jobs_de_de\/#primaryimage\",\"url\":\"https:\/\/reussprivate.li\/wp-content\/uploads\/2025\/04\/business-8256834_1920.jpg\",\"contentUrl\":\"https:\/\/reussprivate.li\/wp-content\/uploads\/2025\/04\/business-8256834_1920.jpg\"},{\"@type\":\"BreadcrumbList\",\"@id\":\"https:\/\/reussprivate.li\/jobs_de_de\/#breadcrumb\",\"itemListElement\":[{\"@type\":\"ListItem\",\"position\":1,\"name\":\"Home\",\"item\":\"https:\/\/reussprivate.li\/\"},{\"@type\":\"ListItem\",\"position\":2,\"name\":\"Jobs\"}]},{\"@type\":\"WebSite\",\"@id\":\"https:\/\/reussprivate.li\/#website\",\"url\":\"https:\/\/reussprivate.li\/\",\"name\":\"Reuss Private Access AG\",\"description\":\"Grenzenlos.Individuell.ReussPrivateAccess\",\"potentialAction\":[{\"@type\":\"SearchAction\",\"target\":{\"@type\":\"EntryPoint\",\"urlTemplate\":\"https:\/\/reussprivate.li\/?s={search_term_string}\"},\"query-input\":{\"@type\":\"PropertyValueSpecification\",\"valueRequired\":true,\"valueName\":\"search_term_string\"}}],\"inLanguage\":\"en-GB\"}]}<\/script>\n<!-- \/ Yoast SEO plugin. -->","yoast_head_json":{"title":"Jobs - Reuss Private Access AG","robots":{"index":"index","follow":"follow","max-snippet":"max-snippet:-1","max-image-preview":"max-image-preview:large","max-video-preview":"max-video-preview:-1"},"canonical":"https:\/\/reussprivate.li\/en_en\/jobs_de_de\/","og_locale":"en_GB","og_type":"article","og_title":"Jobs - Reuss Private Access AG","og_description":"100+ Partners Worldwide Karriere bei Reuss Private Access AG Gestalten Sie mit uns die Zukunft. Ihre M\u00f6glichkeiten bei uns Wir suchen Menschen, die Verantwortung \u00fcbernehmen, mitdenken und den Wandel im Finanzbereich aktiv mitgestalten m\u00f6chten. Ob mit langj\u00e4hriger Erfahrung oder am Anfang Ihrer Karriere \u2013 bei uns finden Sie Raum zur Entfaltung.","og_url":"https:\/\/reussprivate.li\/en_en\/jobs_de_de\/","og_site_name":"Reuss Private Access AG","article_modified_time":"2025-05-14T06:17:31+00:00","og_image":[{"width":1920,"height":1438,"url":"https:\/\/reussprivate.li\/wp-content\/uploads\/2025\/04\/business-8256834_1920.jpg","type":"image\/jpeg"}],"twitter_card":"summary_large_image","twitter_misc":{"Estimated reading time":"1 minute"},"schema":{"@context":"https:\/\/schema.org","@graph":[{"@type":"WebPage","@id":"https:\/\/reussprivate.li\/jobs_de_de\/","url":"https:\/\/reussprivate.li\/jobs_de_de\/","name":"Jobs - Reuss Private Access AG","isPartOf":{"@id":"https:\/\/reussprivate.li\/#website"},"primaryImageOfPage":{"@id":"https:\/\/reussprivate.li\/jobs_de_de\/#primaryimage"},"image":{"@id":"https:\/\/reussprivate.li\/jobs_de_de\/#primaryimage"},"thumbnailUrl":"https:\/\/reussprivate.li\/wp-content\/uploads\/2025\/04\/business-8256834_1920.jpg","datePublished":"2025-05-08T08:47:59+00:00","dateModified":"2025-05-14T06:17:31+00:00","breadcrumb":{"@id":"https:\/\/reussprivate.li\/jobs_de_de\/#breadcrumb"},"inLanguage":"en-GB","potentialAction":[{"@type":"ReadAction","target":["https:\/\/reussprivate.li\/jobs_de_de\/"]}]},{"@type":"ImageObject","inLanguage":"en-GB","@id":"https:\/\/reussprivate.li\/jobs_de_de\/#primaryimage","url":"https:\/\/reussprivate.li\/wp-content\/uploads\/2025\/04\/business-8256834_1920.jpg","contentUrl":"https:\/\/reussprivate.li\/wp-content\/uploads\/2025\/04\/business-8256834_1920.jpg"},{"@type":"BreadcrumbList","@id":"https:\/\/reussprivate.li\/jobs_de_de\/#breadcrumb","itemListElement":[{"@type":"ListItem","position":1,"name":"Home","item":"https:\/\/reussprivate.li\/"},{"@type":"ListItem","position":2,"name":"Jobs"}]},{"@type":"WebSite","@id":"https:\/\/reussprivate.li\/#website","url":"https:\/\/reussprivate.li\/","name":"Reuss Private Access AG","description":"Grenzenlos.Individuell.ReussPrivateAccess","potentialAction":[{"@type":"SearchAction","target":{"@type":"EntryPoint","urlTemplate":"https:\/\/reussprivate.li\/?s={search_term_string}"},"query-input":{"@type":"PropertyValueSpecification","valueRequired":true,"valueName":"search_term_string"}}],"inLanguage":"en-GB"}]}},"distributor_meta":false,"distributor_terms":false,"distributor_media":false,"distributor_original_site_name":"Reuss Private Access AG","distributor_original_site_url":"https:\/\/reussprivate.li\/en_en","push-errors":false,"_links":{"self":[{"href":"https:\/\/reussprivate.li\/en_en\/wp-json\/wp\/v2\/pages\/4091","targetHints":{"allow":["GET"]}}],"collection":[{"href":"https:\/\/reussprivate.li\/en_en\/wp-json\/wp\/v2\/pages"}],"about":[{"href":"https:\/\/reussprivate.li\/en_en\/wp-json\/wp\/v2\/types\/page"}],"author":[{"embeddable":true,"href":"https:\/\/reussprivate.li\/en_en\/wp-json\/wp\/v2\/users\/14"}],"replies":[{"embeddable":true,"href":"https:\/\/reussprivate.li\/en_en\/wp-json\/wp\/v2\/comments?post=4091"}],"version-history":[{"count":11,"href":"https:\/\/reussprivate.li\/en_en\/wp-json\/wp\/v2\/pages\/4091\/revisions"}],"predecessor-version":[{"id":4110,"href":"https:\/\/reussprivate.li\/en_en\/wp-json\/wp\/v2\/pages\/4091\/revisions\/4110"}],"wp:attachment":[{"href":"https:\/\/reussprivate.li\/en_en\/wp-json\/wp\/v2\/media?parent=4091"}],"curies":[{"name":"wp","href":"https:\/\/api.w.org\/{rel}","templated":true}]}}