{"id":4216,"date":"2025-08-13T10:33:52","date_gmt":"2025-08-13T08:33:52","guid":{"rendered":"https:\/\/reussprivate.li\/?page_id=4216"},"modified":"2026-02-16T11:31:02","modified_gmt":"2026-02-16T10:31:02","slug":"acamdemy","status":"publish","type":"page","link":"https:\/\/reussprivate.li\/en_en\/acamdemy\/","title":{"rendered":"Academy"},"content":{"rendered":"<p><?php\n\/**\n * Title: About page\n * Slug: lemmony\/pages-about\n * Categories: lemmony-pages\n *\/\n?><\/p>\n\n\n<div class=\"wp-block-cover alignfull lemmony-parallax\" style=\"padding-top:var(--wp--preset--spacing--70);padding-right:0;padding-bottom:var(--wp--preset--spacing--70);padding-left:0;min-height:30vw;aspect-ratio:unset;\"><img loading=\"lazy\" decoding=\"async\" width=\"1920\" height=\"1438\" class=\"wp-block-cover__image-background wp-image-3390\" alt=\"\" src=\"https:\/\/reussprivate.li\/wp-content\/uploads\/2025\/04\/business-8256834_1920.jpg\" data-object-fit=\"cover\" srcset=\"https:\/\/reussprivate.li\/wp-content\/uploads\/2025\/04\/business-8256834_1920.jpg 1920w, https:\/\/reussprivate.li\/wp-content\/uploads\/2025\/04\/business-8256834_1920-300x225.jpg 300w, https:\/\/reussprivate.li\/wp-content\/uploads\/2025\/04\/business-8256834_1920-1024x767.jpg 1024w, https:\/\/reussprivate.li\/wp-content\/uploads\/2025\/04\/business-8256834_1920-768x575.jpg 768w, https:\/\/reussprivate.li\/wp-content\/uploads\/2025\/04\/business-8256834_1920-1536x1150.jpg 1536w\" sizes=\"auto, (max-width: 1920px) 100vw, 1920px\" \/><span aria-hidden=\"true\" class=\"wp-block-cover__background has-primary-background-color has-background-dim-0 has-background-dim\"><\/span><div class=\"wp-block-cover__inner-container is-layout-flow wp-block-cover-is-layout-flow\">\n<div class=\"wp-block-group has-global-padding is-layout-constrained wp-container-core-group-is-layout-c19476fc wp-block-group-is-layout-constrained\">\n<h1 class=\"wp-block-heading has-text-align-center has-huge-plus-font-size lemmony-animation\" style=\"--lemmony-animation-name:lemmonyFadeInUp\">Academy<\/h1>\n\n\n\n<p class=\"has-text-align-center has-medium-font-size lemmony-animation\" style=\"--lemmony-animation-name:lemmonyFadeInUp;animation-delay:var(--lemmony-delay-xsmall)\"><\/p>\n<\/div>\n<\/div><\/div>\n\n\n\n<div class=\"wp-block-group alignwide has-global-padding is-layout-constrained wp-block-group-is-layout-constrained\" style=\"margin-top:0;margin-bottom:0\">\n<div style=\"height:100px\" aria-hidden=\"true\" class=\"wp-block-spacer\"><\/div>\n<\/div>\n\n\n\n<div class=\"wp-block-columns alignfull are-vertically-aligned-center is-not-stacked-on-mobile has-xsmall-font-size is-layout-flex wp-container-core-columns-is-layout-2e6ea040 wp-block-columns-is-layout-flex\" style=\"margin-top:0;margin-bottom:0;padding-top:0;padding-right:0;padding-bottom:var(--wp--preset--spacing--70);padding-left:0\">\n<div class=\"wp-block-column is-vertically-aligned-center is-layout-flow wp-block-column-is-layout-flow\" style=\"padding-top:0;padding-right:0;padding-bottom:0;padding-left:0;flex-basis:48%\">\n<hr class=\"wp-block-separator has-alpha-channel-opacity is-style-wide\"\/>\n<\/div>\n\n\n\n<div class=\"wp-block-column is-vertically-aligned-center is-layout-flow wp-block-column-is-layout-flow\" style=\"padding-top:0;padding-right:0;padding-bottom:0;padding-left:0;flex-basis:320px\">\n<p class=\"has-text-align-center has-tiny-plus-font-size\" style=\"font-style:normal;font-weight:600\">100+ Partners Worldwide<\/p>\n<\/div>\n\n\n\n<div class=\"wp-block-column is-vertically-aligned-center is-layout-flow wp-block-column-is-layout-flow\" style=\"padding-top:0;padding-right:0;padding-bottom:0;padding-left:0;flex-basis:48%\">\n<hr class=\"wp-block-separator has-alpha-channel-opacity is-style-wide\"\/>\n<\/div>\n<\/div>\n\n\n\n<h2 class=\"wp-block-heading has-text-align-center has-huge-font-size\" style=\"font-style:normal;font-weight:300\">Reuss Private Access Academy.<\/h2>\n\n\n\n<div style=\"height:80px\" aria-hidden=\"true\" class=\"wp-block-spacer\"><\/div>\n\n\n\n<h2 class=\"wp-block-heading has-text-align-center has-large-font-size\"><strong>Wissen mit Charakter.<\/strong><\/h2>\n\n\n\n<div style=\"height:75px\" aria-hidden=\"true\" class=\"wp-block-spacer\"><\/div>\n\n\n\n<p class=\"has-text-color has-link-color wp-elements-a2e12ee8d7e5cf474bba6acd4df01308\" style=\"color:#001068;font-size:clamp(18.959px, 1.185rem + ((1vw - 3.2px) * 0.863), 30px);\"><strong>Die Academy ist unser Raum f\u00fcr Gedanken, Analysen und Perspektiven.<\/strong><\/p>\n\n\n\n<p class=\"has-text-color has-link-color wp-elements-8bf0ad95236e3390709f6fb8ada9099d\" style=\"color:#001068;font-size:clamp(15.747px, 0.984rem + ((1vw - 3.2px) * 0.645), 24px);\">Hier finden Sie alle LinkedIn-Beitr\u00e4ge von Reuss Private Access \u2013 geb\u00fcndelt an einem Ort.<\/p>\n\n\n\n<p class=\"has-text-color has-link-color wp-elements-c97e11e9bd1dac37b641840b28d89e38\" style=\"color:#001068;font-size:clamp(15.747px, 0.984rem + ((1vw - 3.2px) * 0.645), 24px);\">Kurz, klar, relevant.<br>F\u00fcr Menschen, die wissen wollen, was z\u00e4hlt.<\/p>\n\n\n\n<div style=\"height:75px\" aria-hidden=\"true\" class=\"wp-block-spacer\"><\/div>\n\n\n\n<figure class=\"wp-block-image size-large\"><img loading=\"lazy\" decoding=\"async\" width=\"1024\" height=\"256\" src=\"https:\/\/reussprivate.li\/wp-content\/uploads\/2025\/08\/1742735721850-1024x256.jpeg\" alt=\"\" class=\"wp-image-4227\" srcset=\"https:\/\/reussprivate.li\/wp-content\/uploads\/2025\/08\/1742735721850-1024x256.jpeg 1024w, https:\/\/reussprivate.li\/wp-content\/uploads\/2025\/08\/1742735721850-300x75.jpeg 300w, https:\/\/reussprivate.li\/wp-content\/uploads\/2025\/08\/1742735721850-768x192.jpeg 768w, https:\/\/reussprivate.li\/wp-content\/uploads\/2025\/08\/1742735721850-18x5.jpeg 18w, https:\/\/reussprivate.li\/wp-content\/uploads\/2025\/08\/1742735721850.jpeg 1400w\" sizes=\"auto, (max-width: 1024px) 100vw, 1024px\" \/><\/figure>\n\n\n\n<div style=\"height:75px\" aria-hidden=\"true\" class=\"wp-block-spacer\"><\/div>\n\n\n\n<h3 class=\"wp-block-heading\"><strong>Wissen. Perspektiven. Insights.<\/strong><\/h3>\n\n\n\n<p class=\"has-text-color has-link-color wp-elements-e8eeb6f96b864d291229a343d308c20d\" style=\"color:#001068\">Die Reuss Private Access Academy ist unsere Plattform f\u00fcr aktuelles Fachwissen, Marktanalysen und praxisnahe Einblicke aus der Finanzwelt.<br>Hier b\u00fcndeln wir alle Beitr\u00e4ge, die wir auf LinkedIn ver\u00f6ffentlichen \u2013 kompakt an einem Ort, jederzeit abrufbar.<\/p>\n\n\n\n<p class=\"has-text-color has-link-color wp-elements-134ed3f2477bd0b82a629e2880606c04\" style=\"color:#001068\">Unser Ziel:<br>Ihnen fundierte Informationen und Denkanst\u00f6sse zu bieten, die \u00fcber den Tag hinaus Bestand haben. Ob geopolitische Entwicklungen, Markttrends oder spezifische Fachthemen \u2013 wir m\u00f6chten Ihnen zeigen, was uns bewegt und welche Chancen wir sehen.<\/p>\n\n\n\n<p class=\"has-text-color has-link-color wp-elements-cd3ac6d9c7129a71cf3aa08c7d79a709\" style=\"color:#001068\">Tauchen Sie ein in unsere Artikel, Kommentare und Analysen \u2013 und bleiben Sie stets am Puls der Zeit.<\/p>\n\n\n\n<p class=\"has-text-color has-link-color wp-elements-eb910373ef3f1e82bf6af8ba8a559f57\" style=\"color:#001068\">\ud83d\udccc\u00a0<strong>Alle LinkedIn-Beitr\u00e4ge finden Sie <a href=\"https:\/\/www.linkedin.com\/company\/78279454\/admin\/page-posts\/published\/\" target=\"_blank\" rel=\"noreferrer noopener\">hier<\/a> \u2013 f\u00fcr Ihren direkten Zugriff auf unser Wissen.<\/strong><\/p>\n\n\n\n<div style=\"height:98px\" aria-hidden=\"true\" class=\"wp-block-spacer\"><\/div>","protected":false},"excerpt":{"rendered":"<p>100+ Partners Worldwide Reuss Private Access Academy. Wissen mit Charakter. Die Academy ist unser Raum f\u00fcr Gedanken, Analysen und Perspektiven. Hier finden Sie alle LinkedIn-Beitr\u00e4ge von Reuss Private Access \u2013 geb\u00fcndelt an einem Ort. Kurz, klar, relevant.F\u00fcr Menschen, die wissen wollen, was z\u00e4hlt. Wissen. Perspektiven. Insights. Die Reuss Private Access Academy ist unsere Plattform f\u00fcr [&hellip;]<\/p>\n","protected":false},"author":14,"featured_media":0,"parent":0,"menu_order":4,"comment_status":"closed","ping_status":"closed","template":"page-without-title","meta":{"_acf_changed":false,"footnotes":""},"class_list":["post-4216","page","type-page","status-publish","hentry"],"acf":[],"yoast_head":"<!-- This site is optimized with the Yoast SEO plugin v26.7 - https:\/\/yoast.com\/wordpress\/plugins\/seo\/ -->\n<title>Academy - Reuss Private Access AG<\/title>\n<meta name=\"robots\" content=\"index, follow, max-snippet:-1, max-image-preview:large, max-video-preview:-1\" \/>\n<link rel=\"canonical\" href=\"https:\/\/reussprivate.li\/en_en\/acamdemy\/\" \/>\n<meta property=\"og:locale\" content=\"en_GB\" \/>\n<meta property=\"og:type\" content=\"article\" \/>\n<meta property=\"og:title\" content=\"Academy - Reuss Private Access AG\" \/>\n<meta property=\"og:description\" content=\"100+ Partners Worldwide Reuss Private Access Academy. Wissen mit Charakter. Die Academy ist unser Raum f\u00fcr Gedanken, Analysen und Perspektiven. Hier finden Sie alle LinkedIn-Beitr\u00e4ge von Reuss Private Access \u2013 geb\u00fcndelt an einem Ort. Kurz, klar, relevant.F\u00fcr Menschen, die wissen wollen, was z\u00e4hlt. Wissen. Perspektiven. Insights. Die Reuss Private Access Academy ist unsere Plattform f\u00fcr [&hellip;]\" \/>\n<meta property=\"og:url\" content=\"https:\/\/reussprivate.li\/en_en\/acamdemy\/\" \/>\n<meta property=\"og:site_name\" content=\"Reuss Private Access AG\" \/>\n<meta property=\"article:modified_time\" content=\"2026-02-16T10:31:02+00:00\" \/>\n<meta property=\"og:image\" content=\"https:\/\/reussprivate.li\/wp-content\/uploads\/2025\/04\/business-8256834_1920.jpg\" \/>\n\t<meta property=\"og:image:width\" content=\"1920\" \/>\n\t<meta property=\"og:image:height\" content=\"1438\" \/>\n\t<meta property=\"og:image:type\" content=\"image\/jpeg\" \/>\n<meta name=\"twitter:card\" content=\"summary_large_image\" \/>\n<meta name=\"twitter:label1\" content=\"Estimated reading time\" \/>\n\t<meta name=\"twitter:data1\" content=\"2 minutes\" \/>\n<script type=\"application\/ld+json\" class=\"yoast-schema-graph\">{\"@context\":\"https:\/\/schema.org\",\"@graph\":[{\"@type\":\"WebPage\",\"@id\":\"https:\/\/reussprivate.li\/acamdemy\/\",\"url\":\"https:\/\/reussprivate.li\/acamdemy\/\",\"name\":\"Academy - Reuss Private Access AG\",\"isPartOf\":{\"@id\":\"https:\/\/reussprivate.li\/#website\"},\"primaryImageOfPage\":{\"@id\":\"https:\/\/reussprivate.li\/acamdemy\/#primaryimage\"},\"image\":{\"@id\":\"https:\/\/reussprivate.li\/acamdemy\/#primaryimage\"},\"thumbnailUrl\":\"https:\/\/reussprivate.li\/wp-content\/uploads\/2025\/04\/business-8256834_1920.jpg\",\"datePublished\":\"2025-08-13T08:33:52+00:00\",\"dateModified\":\"2026-02-16T10:31:02+00:00\",\"breadcrumb\":{\"@id\":\"https:\/\/reussprivate.li\/acamdemy\/#breadcrumb\"},\"inLanguage\":\"en-GB\",\"potentialAction\":[{\"@type\":\"ReadAction\",\"target\":[\"https:\/\/reussprivate.li\/acamdemy\/\"]}]},{\"@type\":\"ImageObject\",\"inLanguage\":\"en-GB\",\"@id\":\"https:\/\/reussprivate.li\/acamdemy\/#primaryimage\",\"url\":\"https:\/\/reussprivate.li\/wp-content\/uploads\/2025\/04\/business-8256834_1920.jpg\",\"contentUrl\":\"https:\/\/reussprivate.li\/wp-content\/uploads\/2025\/04\/business-8256834_1920.jpg\"},{\"@type\":\"BreadcrumbList\",\"@id\":\"https:\/\/reussprivate.li\/acamdemy\/#breadcrumb\",\"itemListElement\":[{\"@type\":\"ListItem\",\"position\":1,\"name\":\"Home\",\"item\":\"https:\/\/reussprivate.li\/\"},{\"@type\":\"ListItem\",\"position\":2,\"name\":\"Academy\"}]},{\"@type\":\"WebSite\",\"@id\":\"https:\/\/reussprivate.li\/#website\",\"url\":\"https:\/\/reussprivate.li\/\",\"name\":\"Reuss Private Access AG\",\"description\":\"Grenzenlos.Individuell.ReussPrivateAccess\",\"potentialAction\":[{\"@type\":\"SearchAction\",\"target\":{\"@type\":\"EntryPoint\",\"urlTemplate\":\"https:\/\/reussprivate.li\/?s={search_term_string}\"},\"query-input\":{\"@type\":\"PropertyValueSpecification\",\"valueRequired\":true,\"valueName\":\"search_term_string\"}}],\"inLanguage\":\"en-GB\"}]}<\/script>\n<!-- \/ Yoast SEO plugin. -->","yoast_head_json":{"title":"Academy - Reuss Private Access AG","robots":{"index":"index","follow":"follow","max-snippet":"max-snippet:-1","max-image-preview":"max-image-preview:large","max-video-preview":"max-video-preview:-1"},"canonical":"https:\/\/reussprivate.li\/en_en\/acamdemy\/","og_locale":"en_GB","og_type":"article","og_title":"Academy - Reuss Private Access AG","og_description":"100+ Partners Worldwide Reuss Private Access Academy. Wissen mit Charakter. Die Academy ist unser Raum f\u00fcr Gedanken, Analysen und Perspektiven. Hier finden Sie alle LinkedIn-Beitr\u00e4ge von Reuss Private Access \u2013 geb\u00fcndelt an einem Ort. Kurz, klar, relevant.F\u00fcr Menschen, die wissen wollen, was z\u00e4hlt. Wissen. Perspektiven. Insights. Die Reuss Private Access Academy ist unsere Plattform f\u00fcr [&hellip;]","og_url":"https:\/\/reussprivate.li\/en_en\/acamdemy\/","og_site_name":"Reuss Private Access AG","article_modified_time":"2026-02-16T10:31:02+00:00","og_image":[{"width":1920,"height":1438,"url":"https:\/\/reussprivate.li\/wp-content\/uploads\/2025\/04\/business-8256834_1920.jpg","type":"image\/jpeg"}],"twitter_card":"summary_large_image","twitter_misc":{"Estimated reading time":"2 minutes"},"schema":{"@context":"https:\/\/schema.org","@graph":[{"@type":"WebPage","@id":"https:\/\/reussprivate.li\/acamdemy\/","url":"https:\/\/reussprivate.li\/acamdemy\/","name":"Academy - Reuss Private Access AG","isPartOf":{"@id":"https:\/\/reussprivate.li\/#website"},"primaryImageOfPage":{"@id":"https:\/\/reussprivate.li\/acamdemy\/#primaryimage"},"image":{"@id":"https:\/\/reussprivate.li\/acamdemy\/#primaryimage"},"thumbnailUrl":"https:\/\/reussprivate.li\/wp-content\/uploads\/2025\/04\/business-8256834_1920.jpg","datePublished":"2025-08-13T08:33:52+00:00","dateModified":"2026-02-16T10:31:02+00:00","breadcrumb":{"@id":"https:\/\/reussprivate.li\/acamdemy\/#breadcrumb"},"inLanguage":"en-GB","potentialAction":[{"@type":"ReadAction","target":["https:\/\/reussprivate.li\/acamdemy\/"]}]},{"@type":"ImageObject","inLanguage":"en-GB","@id":"https:\/\/reussprivate.li\/acamdemy\/#primaryimage","url":"https:\/\/reussprivate.li\/wp-content\/uploads\/2025\/04\/business-8256834_1920.jpg","contentUrl":"https:\/\/reussprivate.li\/wp-content\/uploads\/2025\/04\/business-8256834_1920.jpg"},{"@type":"BreadcrumbList","@id":"https:\/\/reussprivate.li\/acamdemy\/#breadcrumb","itemListElement":[{"@type":"ListItem","position":1,"name":"Home","item":"https:\/\/reussprivate.li\/"},{"@type":"ListItem","position":2,"name":"Academy"}]},{"@type":"WebSite","@id":"https:\/\/reussprivate.li\/#website","url":"https:\/\/reussprivate.li\/","name":"Reuss Private Access AG","description":"Grenzenlos.Individuell.ReussPrivateAccess","potentialAction":[{"@type":"SearchAction","target":{"@type":"EntryPoint","urlTemplate":"https:\/\/reussprivate.li\/?s={search_term_string}"},"query-input":{"@type":"PropertyValueSpecification","valueRequired":true,"valueName":"search_term_string"}}],"inLanguage":"en-GB"}]}},"distributor_meta":false,"distributor_terms":false,"distributor_media":false,"distributor_original_site_name":"Reuss Private Access AG","distributor_original_site_url":"https:\/\/reussprivate.li\/en_en","push-errors":false,"_links":{"self":[{"href":"https:\/\/reussprivate.li\/en_en\/wp-json\/wp\/v2\/pages\/4216","targetHints":{"allow":["GET"]}}],"collection":[{"href":"https:\/\/reussprivate.li\/en_en\/wp-json\/wp\/v2\/pages"}],"about":[{"href":"https:\/\/reussprivate.li\/en_en\/wp-json\/wp\/v2\/types\/page"}],"author":[{"embeddable":true,"href":"https:\/\/reussprivate.li\/en_en\/wp-json\/wp\/v2\/users\/14"}],"replies":[{"embeddable":true,"href":"https:\/\/reussprivate.li\/en_en\/wp-json\/wp\/v2\/comments?post=4216"}],"version-history":[{"count":10,"href":"https:\/\/reussprivate.li\/en_en\/wp-json\/wp\/v2\/pages\/4216\/revisions"}],"predecessor-version":[{"id":4244,"href":"https:\/\/reussprivate.li\/en_en\/wp-json\/wp\/v2\/pages\/4216\/revisions\/4244"}],"wp:attachment":[{"href":"https:\/\/reussprivate.li\/en_en\/wp-json\/wp\/v2\/media?parent=4216"}],"curies":[{"name":"wp","href":"https:\/\/api.w.org\/{rel}","templated":true}]}}